{"id":17615,"date":"2022-11-28T22:02:32","date_gmt":"2022-11-28T22:02:32","guid":{"rendered":"https:\/\/nezlamna.org\/bajki-dla-dzieci-na-swieto-dziekczynienia-%e2%84%963\/"},"modified":"2022-11-28T22:14:55","modified_gmt":"2022-11-28T22:14:55","slug":"bajki-dla-dzieci-na-swieto-dziekczynienia-%e2%84%963","status":"publish","type":"page","link":"https:\/\/nezlamna.org\/pl\/bajki-dla-dzieci-na-swieto-dziekczynienia-%e2%84%963\/","title":{"rendered":"Bajki dla dzieci na \u015awi\u0119to Dzi\u0119kczynienia \u21163"},"content":{"rendered":"\t\t<div data-elementor-type=\"wp-page\" data-elementor-id=\"17615\" class=\"elementor elementor-17615 elementor-17604\" data-elementor-post-type=\"page\">\n\t\t\t\t\t\t<section class=\"ob-is-breaking-bad elementor-section elementor-top-section elementor-element elementor-element-utyowzx elementor-section-content-top elementor-section-boxed elementor-section-height-default elementor-section-height-default\" data-id=\"utyowzx\" data-element_type=\"section\" data-e-type=\"section\" data-settings=\"{&quot;background_background&quot;:&quot;classic&quot;,&quot;_ob_bbad_use_it&quot;:&quot;yes&quot;,&quot;_ob_bbad_sssic_use&quot;:&quot;no&quot;,&quot;_ob_glider_is_slider&quot;:&quot;no&quot;}\">\n\t\t\t\t\t\t\t<div class=\"elementor-background-overlay\"><\/div>\n\t\t\t\t\t\t\t<div class=\"elementor-container elementor-column-gap-no\">\n\t\t\t\t\t<div class=\"elementor-column elementor-col-50 elementor-top-column elementor-element elementor-element-18103c4\" data-id=\"18103c4\" data-element_type=\"column\" data-e-type=\"column\" data-settings=\"{&quot;_ob_bbad_is_stalker&quot;:&quot;no&quot;,&quot;_ob_teleporter_use&quot;:false,&quot;_ob_column_hoveranimator&quot;:&quot;no&quot;,&quot;_ob_column_has_pseudo&quot;:&quot;no&quot;}\">\n\t\t\t<div class=\"elementor-widget-wrap elementor-element-populated\">\n\t\t\t\t\t\t<div class=\"elementor-element elementor-element-e4f0873 ob-harakiri-inherit ob-has-background-overlay elementor-widget elementor-widget-heading\" data-id=\"e4f0873\" data-element_type=\"widget\" data-e-type=\"widget\" data-settings=\"{&quot;_ob_use_harakiri&quot;:&quot;yes&quot;,&quot;_ob_harakiri_writing_mode&quot;:&quot;inherit&quot;,&quot;_ob_harakiri_text_clip&quot;:&quot;none&quot;,&quot;_ob_perspektive_use&quot;:&quot;no&quot;,&quot;_ob_poopart_use&quot;:&quot;yes&quot;,&quot;_ob_shadough_use&quot;:&quot;no&quot;,&quot;_ob_allow_hoveranimator&quot;:&quot;no&quot;,&quot;_ob_widget_stalker_use&quot;:&quot;no&quot;}\" data-widget_type=\"heading.default\">\n\t\t\t\t\t\t<div class=\"elementor-widget-container\">\n\t\t\t\t\t<h5 class=\"elementor-heading-title elementor-size-default\">Historia \u21163<\/h5>\t\t\t\t<\/div>\n\t\t\t\t<\/div>\n\t\t\t\t<div class=\"elementor-element elementor-element-18bba3c ob-harakiri-inherit ob-has-background-overlay elementor-widget elementor-widget-heading\" data-id=\"18bba3c\" data-element_type=\"widget\" data-e-type=\"widget\" data-settings=\"{&quot;_ob_use_harakiri&quot;:&quot;yes&quot;,&quot;_ob_harakiri_writing_mode&quot;:&quot;inherit&quot;,&quot;_ob_harakiri_text_clip&quot;:&quot;none&quot;,&quot;_ob_perspektive_use&quot;:&quot;no&quot;,&quot;_ob_poopart_use&quot;:&quot;yes&quot;,&quot;_ob_shadough_use&quot;:&quot;no&quot;,&quot;_ob_allow_hoveranimator&quot;:&quot;no&quot;,&quot;_ob_widget_stalker_use&quot;:&quot;no&quot;}\" data-widget_type=\"heading.default\">\n\t\t\t\t\t\t<div class=\"elementor-widget-container\">\n\t\t\t\t\t<h2 class=\"elementor-heading-title elementor-size-default\">W zawodzie bez rodzic\u00f3w<\/h2>\t\t\t\t<\/div>\n\t\t\t\t<\/div>\n\t\t\t\t<div class=\"elementor-element elementor-element-d17ea96 ob-harakiri-inherit ob-has-background-overlay elementor-widget elementor-widget-text-editor\" data-id=\"d17ea96\" data-element_type=\"widget\" data-e-type=\"widget\" data-settings=\"{&quot;_ob_use_harakiri&quot;:&quot;yes&quot;,&quot;_ob_harakiri_writing_mode&quot;:&quot;inherit&quot;,&quot;_ob_postman_use&quot;:&quot;no&quot;,&quot;_ob_perspektive_use&quot;:&quot;no&quot;,&quot;_ob_poopart_use&quot;:&quot;yes&quot;,&quot;_ob_shadough_use&quot;:&quot;no&quot;,&quot;_ob_allow_hoveranimator&quot;:&quot;no&quot;,&quot;_ob_widget_stalker_use&quot;:&quot;no&quot;}\" data-widget_type=\"text-editor.default\">\n\t\t\t\t\t\t<div class=\"elementor-widget-container\">\n\t\t\t\t\t\t\t\t\t<p><img decoding=\"async\" class=\"alignleft wp-image-5354 size-thumbnail\" src=\"https:\/\/nezlamna.org\/wp-content\/uploads\/2022\/08\/photo1659436860-150x150.jpeg\" alt=\"\" width=\"150\" height=\"150\" srcset=\"https:\/\/nezlamna.org\/wp-content\/uploads\/2022\/08\/photo1659436860-150x150.jpeg 150w, https:\/\/nezlamna.org\/wp-content\/uploads\/2022\/08\/photo1659436860-300x300.jpeg 300w, https:\/\/nezlamna.org\/wp-content\/uploads\/2022\/08\/photo1659436860-768x769.jpeg 768w, https:\/\/nezlamna.org\/wp-content\/uploads\/2022\/08\/photo1659436860.jpeg 823w\" sizes=\"(max-width: 150px) 100vw, 150px\" \/><span style=\"font-weight: 400;\">Mo\u017cesz przekaza\u0107 darowizn\u0119 za pomoc\u0105 kodu QR<br \/><\/span> <span style=\"font-weight: 400;\">Wi\u0119cej sposob\u00f3w na wp\u0142aty na naszej<\/span> <strong><a href=\"https:\/\/nezlamna.org\/pl\/wplac-teraz\/\">stronie<\/a><\/strong> <\/p>\n<p><span style=\"font-weight: 400;\">Zebrane \u015brodki zostan\u0105 przeznaczone na wynajem szk\u00f3\u0142 i zakup pomocy dydaktycznych. <\/span><\/p>\n\t\t\t\t\t\t\t\t<\/div>\n\t\t\t\t<\/div>\n\t\t\t\t\t<\/div>\n\t\t<\/div>\n\t\t\t\t<div class=\"elementor-column elementor-col-50 elementor-top-column elementor-element elementor-element-eeba8e2\" data-id=\"eeba8e2\" data-element_type=\"column\" data-e-type=\"column\" data-settings=\"{&quot;_ob_bbad_is_stalker&quot;:&quot;no&quot;,&quot;_ob_teleporter_use&quot;:false,&quot;_ob_column_hoveranimator&quot;:&quot;no&quot;,&quot;_ob_column_has_pseudo&quot;:&quot;no&quot;}\">\n\t\t\t<div class=\"elementor-widget-wrap elementor-element-populated\">\n\t\t\t\t\t\t<div class=\"elementor-element elementor-element-b65f008 ob-harakiri-inherit ob-has-background-overlay elementor-widget elementor-widget-text-editor\" data-id=\"b65f008\" data-element_type=\"widget\" data-e-type=\"widget\" data-settings=\"{&quot;_ob_use_harakiri&quot;:&quot;yes&quot;,&quot;_ob_harakiri_writing_mode&quot;:&quot;inherit&quot;,&quot;_ob_postman_use&quot;:&quot;no&quot;,&quot;_ob_perspektive_use&quot;:&quot;no&quot;,&quot;_ob_poopart_use&quot;:&quot;yes&quot;,&quot;_ob_shadough_use&quot;:&quot;no&quot;,&quot;_ob_allow_hoveranimator&quot;:&quot;no&quot;,&quot;_ob_widget_stalker_use&quot;:&quot;no&quot;}\" data-widget_type=\"text-editor.default\">\n\t\t\t\t\t\t<div class=\"elementor-widget-container\">\n\t\t\t\t\t\t\t\t\t<p><span style=\"font-weight: 400;\">Ukrai\u0144ska szko\u0142a we Wroc\u0142awiu. Pierwsza lekcja pomocy psychologicznej w 11 klasie. Artem zabiera g\u0142os. Opowiada swoj\u0105 histori\u0119 151 razy. Zauwa\u017ca, \u017ce \u200b\u200bpo raz pierwszy bez \u0142ez&#8230;<\/span><\/p>\n<p><i><span style=\"font-weight: 400;\">\u201eMama mnie zostawi\u0142a, gdy mia\u0142am 11 miesi\u0119cy. Rok przed wojn\u0105 serce taty stan\u0119\u0142o. Babcia zabra\u0142a mnie do Polski. Nie od razu. Ma 71 lat, wychodzenie z domu by\u0142o trudne. policzy\u0142em samoloty, kt\u00f3re mia\u0142y nas zbombardowa\u0107. \u201e7, 8, 9\u201d\u2026 A potem wybuchy, kt\u00f3re brzmia\u0142y bardzo blisko \u201e20, 30, 40\u201d\u2026 Biegn\u0119 do magazynu i pr\u00f3buj\u0119 sobie przypomnie\u0107 uczucie jednocze\u015bnie r\u0119ce i nogi. Przygotowuj\u0119 si\u0119 do niepe\u0142nosprawno\u015bci\u201d.<\/span><\/i><\/p>\n<p><span style=\"font-weight: 400;\">Klasa wstrzymuje oddech. Wszyscy tutaj wiedz\u0105, czym jest wojna. Ale co bez taty i mamy w strefie dzia\u0142a\u0144 wojennych? W zaj\u0119ciu starymi kobietami\u2026<\/span><\/p>\n<p><i><span style=\"font-weight: 400;\">\u201ePrzez tygodnie ba\u0142am si\u0119 wychodzi\u0107 z domu, \u017ceby mnie okupanci nie z\u0142apali na ulicy i nie rzucili gdzie\u015b pod Ryzyum mi\u0119sem armatnim, bo by\u0142am do\u015b\u0107 wysoka. Tygodniami na owocach ze wsi, \u017ceby nie bra\u0107 chleba z r\u0119ce okupant\u00f3w, a babcia daleko nie zajedzie. Niemniej ciesz\u0119 si\u0119, \u017ce nam\u00f3wi\u0142em babci\u0119, \u017ceby pojecha\u0142a. \u017be nasza kolumna nie zosta\u0142a rozstrzelana. \u017be dosta\u0142 prac\u0119 w ukrai\u0144skiej szkole\u201d.<\/span><\/i><\/p>\n<p><span style=\"font-weight: 400;\">W polskiej szkole Artem straci\u0142by rok \u2014 niespotykany luksus dla ka\u017cdego dziecka, zw\u0142aszcza dla ch\u0142opca pod opiek\u0105. Po lekcjach ju\u017c idzie do pracy! Myje naczynia, stoi pod supermarketem z pude\u0142kiem dla uchod\u017ac\u00f3w \u201epo wojnie\u201d, jak doros\u0142y. <\/span><i><span style=\"font-weight: 400;\">\u201eJedna emerytura babci nie wystarczy na wszystkie wydatki za granic\u0105. I tak ju\u017c kupili\u015bmy telefon, kt\u00f3rego nie mogli\u015bmy wywie\u017a\u0107 z Balaklii\u201d. <\/span><\/i><\/p>\n<p><span style=\"font-weight: 400;\">Psycholog zauwa\u017ca, \u017ce \u200b\u200btraumatyczne prze\u017cycie dopiero dopada tego dziecka, nalega na osobiste spotkania. Artem jest wdzi\u0119czny, \u017ce ju\u017c us\u0142ysza\u0142. Niestrudzenie opowiada t\u0119 histori\u0119 przypadkowym towarzyszom podr\u00f3\u017cy w poci\u0105gu, na wiecach i na czatach.<\/span><\/p>\n<p><i><span style=\"font-weight: 400;\">\u201eZarobi\u0119 pieni\u0105dze! Zobacz\u0119 si\u0119 z bliskimi! Wola\u0142abym mie\u0107 certyfikat i zosta\u0107 psychologiem, \u017ceby wspiera\u0107 wszystkich ludzi, kt\u00f3rzy prze\u017cyli \u017ca\u0142ob\u0119\u201d.<\/span><\/i><span style=\"font-weight: 400;\"> <\/span><\/p>\n<p><span style=\"font-weight: 400;\">Na razie pomocy potrzebuj\u0105 sami \u201eprzyszli psycholodzy\u201d \u2013 nawet je\u015bli ju\u017c bez \u0142ez opowiadaj\u0105 swoj\u0105 histori\u0119.<\/span><\/p>\n\t\t\t\t\t\t\t\t<\/div>\n\t\t\t\t<\/div>\n\t\t\t\t\t<\/div>\n\t\t<\/div>\n\t\t\t\t\t<\/div>\n\t\t<\/section>\n\t\t\t\t<\/div>\n\t\t","protected":false},"excerpt":{"rendered":"<p>Historia \u21163 W zawodzie bez rodzic\u00f3w Mo\u017cesz przekaza\u0107 darowizn\u0119 za pomoc\u0105 kodu QR Wi\u0119cej sposob\u00f3w na wp\u0142aty na naszej stronie Zebrane \u015brodki zostan\u0105 przeznaczone na [&hellip;]<\/p>\n","protected":false},"author":6,"featured_media":15916,"parent":0,"menu_order":0,"comment_status":"closed","ping_status":"closed","template":"","meta":{"give_campaign_id":0,"nf_dc_page":"","inline_featured_image":false,"_uag_custom_page_level_css":"","site-sidebar-layout":"no-sidebar","site-content-layout":"Kreator stron","ast-site-content-layout":"default","site-content-style":"default","site-sidebar-style":"default","ast-global-header-display":"","ast-banner-title-visibility":"","ast-main-header-display":"","ast-hfb-above-header-display":"","ast-hfb-below-header-display":"","ast-hfb-mobile-header-display":"","site-post-title":"disabled","ast-breadcrumbs-content":"","ast-featured-img":"disabled","footer-sml-layout":"","ast-disable-related-posts":"","theme-transparent-header-meta":"","adv-header-id-meta":"","stick-header-meta":"","header-above-stick-meta":"","header-main-stick-meta":"","header-below-stick-meta":"","astra-migrate-meta-layouts":"default","ast-page-background-enabled":"default","ast-page-background-meta":{"desktop":{"background-color":"","background-image":"","background-repeat":"repeat","background-position":"center center","background-size":"auto","background-attachment":"scroll","background-type":"","background-media":"","overlay-type":"","overlay-color":"","overlay-opacity":"","overlay-gradient":""},"tablet":{"background-color":"","background-image":"","background-repeat":"repeat","background-position":"center center","background-size":"auto","background-attachment":"scroll","background-type":"","background-media":"","overlay-type":"","overlay-color":"","overlay-opacity":"","overlay-gradient":""},"mobile":{"background-color":"","background-image":"","background-repeat":"repeat","background-position":"center center","background-size":"auto","background-attachment":"scroll","background-type":"","background-media":"","overlay-type":"","overlay-color":"","overlay-opacity":"","overlay-gradient":""}},"ast-content-background-meta":{"desktop":{"background-color":"var(--ast-global-color-5)","background-image":"","background-repeat":"repeat","background-position":"center center","background-size":"auto","background-attachment":"scroll","background-type":"","background-media":"","overlay-type":"","overlay-color":"","overlay-opacity":"","overlay-gradient":""},"tablet":{"background-color":"var(--ast-global-color-5)","background-image":"","background-repeat":"repeat","background-position":"center center","background-size":"auto","background-attachment":"scroll","background-type":"","background-media":"","overlay-type":"","overlay-color":"","overlay-opacity":"","overlay-gradient":""},"mobile":{"background-color":"var(--ast-global-color-5)","background-image":"","background-repeat":"repeat","background-position":"center center","background-size":"auto","background-attachment":"scroll","background-type":"","background-media":"","overlay-type":"","overlay-color":"","overlay-opacity":"","overlay-gradient":""}},"footnotes":""},"categories":[74],"tags":[],"class_list":["post-17615","page","type-page","status-publish","has-post-thumbnail","hentry","category-aktualnosci"],"yoast_head":"<!-- This site is optimized with the Yoast SEO plugin v27.4 - https:\/\/yoast.com\/product\/yoast-seo-wordpress\/ -->\n<title>Bajki dla dzieci na \u015awi\u0119to Dzi\u0119kczynienia \u21163 - Niezniszczalna Ukraina<\/title>\n<meta name=\"robots\" content=\"index, follow, max-snippet:-1, max-image-preview:large, max-video-preview:-1\" \/>\n<link rel=\"canonical\" href=\"https:\/\/nezlamna.org\/pl\/bajki-dla-dzieci-na-swieto-dziekczynienia-%e2%84%963\/\" \/>\n<meta property=\"og:locale\" content=\"pl_PL\" \/>\n<meta property=\"og:type\" content=\"article\" \/>\n<meta property=\"og:title\" content=\"Bajki dla dzieci na \u015awi\u0119to Dzi\u0119kczynienia \u21163 - Niezniszczalna Ukraina\" \/>\n<meta property=\"og:description\" content=\"Historia \u21163 W zawodzie bez rodzic\u00f3w Mo\u017cesz przekaza\u0107 darowizn\u0119 za pomoc\u0105 kodu QR Wi\u0119cej sposob\u00f3w na wp\u0142aty na naszej stronie Zebrane \u015brodki zostan\u0105 przeznaczone na [&hellip;]\" \/>\n<meta property=\"og:url\" content=\"https:\/\/nezlamna.org\/pl\/bajki-dla-dzieci-na-swieto-dziekczynienia-%e2%84%963\/\" \/>\n<meta property=\"og:site_name\" content=\"Niezniszczalna Ukraina\" \/>\n<meta property=\"article:modified_time\" content=\"2022-11-28T22:14:55+00:00\" \/>\n<meta property=\"og:image\" content=\"https:\/\/nezlamna.org\/wp-content\/uploads\/2022\/10\/1-scaled.jpeg\" \/>\n\t<meta property=\"og:image:width\" content=\"2560\" \/>\n\t<meta property=\"og:image:height\" content=\"1440\" \/>\n\t<meta property=\"og:image:type\" content=\"image\/jpeg\" \/>\n<meta name=\"twitter:card\" content=\"summary_large_image\" \/>\n<meta name=\"twitter:label1\" content=\"Szacowany czas czytania\" \/>\n\t<meta name=\"twitter:data1\" content=\"2 minuty\" \/>\n<script type=\"application\/ld+json\" class=\"yoast-schema-graph\">{\"@context\":\"https:\\\/\\\/schema.org\",\"@graph\":[{\"@type\":\"WebPage\",\"@id\":\"https:\\\/\\\/nezlamna.org\\\/pl\\\/bajki-dla-dzieci-na-swieto-dziekczynienia-%e2%84%963\\\/\",\"url\":\"https:\\\/\\\/nezlamna.org\\\/pl\\\/bajki-dla-dzieci-na-swieto-dziekczynienia-%e2%84%963\\\/\",\"name\":\"Bajki dla dzieci na \u015awi\u0119to Dzi\u0119kczynienia \u21163 - Niezniszczalna Ukraina\",\"isPartOf\":{\"@id\":\"https:\\\/\\\/nezlamna.org\\\/pl\\\/#website\"},\"primaryImageOfPage\":{\"@id\":\"https:\\\/\\\/nezlamna.org\\\/pl\\\/bajki-dla-dzieci-na-swieto-dziekczynienia-%e2%84%963\\\/#primaryimage\"},\"image\":{\"@id\":\"https:\\\/\\\/nezlamna.org\\\/pl\\\/bajki-dla-dzieci-na-swieto-dziekczynienia-%e2%84%963\\\/#primaryimage\"},\"thumbnailUrl\":\"https:\\\/\\\/nezlamna.org\\\/wp-content\\\/uploads\\\/2022\\\/10\\\/1-scaled.jpeg\",\"datePublished\":\"2022-11-28T22:02:32+00:00\",\"dateModified\":\"2022-11-28T22:14:55+00:00\",\"breadcrumb\":{\"@id\":\"https:\\\/\\\/nezlamna.org\\\/pl\\\/bajki-dla-dzieci-na-swieto-dziekczynienia-%e2%84%963\\\/#breadcrumb\"},\"inLanguage\":\"pl-PL\",\"potentialAction\":[{\"@type\":\"ReadAction\",\"target\":[\"https:\\\/\\\/nezlamna.org\\\/pl\\\/bajki-dla-dzieci-na-swieto-dziekczynienia-%e2%84%963\\\/\"]}]},{\"@type\":\"ImageObject\",\"inLanguage\":\"pl-PL\",\"@id\":\"https:\\\/\\\/nezlamna.org\\\/pl\\\/bajki-dla-dzieci-na-swieto-dziekczynienia-%e2%84%963\\\/#primaryimage\",\"url\":\"https:\\\/\\\/nezlamna.org\\\/wp-content\\\/uploads\\\/2022\\\/10\\\/1-scaled.jpeg\",\"contentUrl\":\"https:\\\/\\\/nezlamna.org\\\/wp-content\\\/uploads\\\/2022\\\/10\\\/1-scaled.jpeg\",\"width\":2560,\"height\":1440,\"caption\":\"\u0406\u0441\u0442\u043e\u0440\u0456\u044f \u041d\u0430\u0442\u0430\u043b\u0456\u0457 \u0420\u043e\u0432\u0438\u0446\u044c\u043a\u043e\u0457\"},{\"@type\":\"BreadcrumbList\",\"@id\":\"https:\\\/\\\/nezlamna.org\\\/pl\\\/bajki-dla-dzieci-na-swieto-dziekczynienia-%e2%84%963\\\/#breadcrumb\",\"itemListElement\":[{\"@type\":\"ListItem\",\"position\":1,\"name\":\"Home\",\"item\":\"https:\\\/\\\/nezlamna.org\\\/pl\\\/\"},{\"@type\":\"ListItem\",\"position\":2,\"name\":\"Bajki dla dzieci na \u015awi\u0119to Dzi\u0119kczynienia \u21163\"}]},{\"@type\":\"WebSite\",\"@id\":\"https:\\\/\\\/nezlamna.org\\\/pl\\\/#website\",\"url\":\"https:\\\/\\\/nezlamna.org\\\/pl\\\/\",\"name\":\"Niezniszczalna Ukraina\",\"description\":\"Projekt edukacyjny\",\"publisher\":{\"@id\":\"https:\\\/\\\/nezlamna.org\\\/pl\\\/#organization\"},\"potentialAction\":[{\"@type\":\"SearchAction\",\"target\":{\"@type\":\"EntryPoint\",\"urlTemplate\":\"https:\\\/\\\/nezlamna.org\\\/pl\\\/?s={search_term_string}\"},\"query-input\":{\"@type\":\"PropertyValueSpecification\",\"valueRequired\":true,\"valueName\":\"search_term_string\"}}],\"inLanguage\":\"pl-PL\"},{\"@type\":\"Organization\",\"@id\":\"https:\\\/\\\/nezlamna.org\\\/pl\\\/#organization\",\"name\":\"FUNDACJA NIEZNISZCZALNA UKRAINA\",\"url\":\"https:\\\/\\\/nezlamna.org\\\/pl\\\/\",\"logo\":{\"@type\":\"ImageObject\",\"inLanguage\":\"pl-PL\",\"@id\":\"https:\\\/\\\/nezlamna.org\\\/pl\\\/#\\\/schema\\\/logo\\\/image\\\/\",\"url\":\"https:\\\/\\\/nezlamna.org\\\/wp-content\\\/uploads\\\/2022\\\/07\\\/cropped-unbreakable_logo_color-vesna.png\",\"contentUrl\":\"https:\\\/\\\/nezlamna.org\\\/wp-content\\\/uploads\\\/2022\\\/07\\\/cropped-unbreakable_logo_color-vesna.png\",\"width\":1080,\"height\":360,\"caption\":\"FUNDACJA NIEZNISZCZALNA UKRAINA\"},\"image\":{\"@id\":\"https:\\\/\\\/nezlamna.org\\\/pl\\\/#\\\/schema\\\/logo\\\/image\\\/\"}}]}<\/script>\n<!-- \/ Yoast SEO plugin. -->","yoast_head_json":{"title":"Bajki dla dzieci na \u015awi\u0119to Dzi\u0119kczynienia \u21163 - Niezniszczalna Ukraina","robots":{"index":"index","follow":"follow","max-snippet":"max-snippet:-1","max-image-preview":"max-image-preview:large","max-video-preview":"max-video-preview:-1"},"canonical":"https:\/\/nezlamna.org\/pl\/bajki-dla-dzieci-na-swieto-dziekczynienia-%e2%84%963\/","og_locale":"pl_PL","og_type":"article","og_title":"Bajki dla dzieci na \u015awi\u0119to Dzi\u0119kczynienia \u21163 - Niezniszczalna Ukraina","og_description":"Historia \u21163 W zawodzie bez rodzic\u00f3w Mo\u017cesz przekaza\u0107 darowizn\u0119 za pomoc\u0105 kodu QR Wi\u0119cej sposob\u00f3w na wp\u0142aty na naszej stronie Zebrane \u015brodki zostan\u0105 przeznaczone na [&hellip;]","og_url":"https:\/\/nezlamna.org\/pl\/bajki-dla-dzieci-na-swieto-dziekczynienia-%e2%84%963\/","og_site_name":"Niezniszczalna Ukraina","article_modified_time":"2022-11-28T22:14:55+00:00","og_image":[{"width":2560,"height":1440,"url":"https:\/\/nezlamna.org\/wp-content\/uploads\/2022\/10\/1-scaled.jpeg","type":"image\/jpeg"}],"twitter_card":"summary_large_image","twitter_misc":{"Szacowany czas czytania":"2 minuty"},"schema":{"@context":"https:\/\/schema.org","@graph":[{"@type":"WebPage","@id":"https:\/\/nezlamna.org\/pl\/bajki-dla-dzieci-na-swieto-dziekczynienia-%e2%84%963\/","url":"https:\/\/nezlamna.org\/pl\/bajki-dla-dzieci-na-swieto-dziekczynienia-%e2%84%963\/","name":"Bajki dla dzieci na \u015awi\u0119to Dzi\u0119kczynienia \u21163 - Niezniszczalna Ukraina","isPartOf":{"@id":"https:\/\/nezlamna.org\/pl\/#website"},"primaryImageOfPage":{"@id":"https:\/\/nezlamna.org\/pl\/bajki-dla-dzieci-na-swieto-dziekczynienia-%e2%84%963\/#primaryimage"},"image":{"@id":"https:\/\/nezlamna.org\/pl\/bajki-dla-dzieci-na-swieto-dziekczynienia-%e2%84%963\/#primaryimage"},"thumbnailUrl":"https:\/\/nezlamna.org\/wp-content\/uploads\/2022\/10\/1-scaled.jpeg","datePublished":"2022-11-28T22:02:32+00:00","dateModified":"2022-11-28T22:14:55+00:00","breadcrumb":{"@id":"https:\/\/nezlamna.org\/pl\/bajki-dla-dzieci-na-swieto-dziekczynienia-%e2%84%963\/#breadcrumb"},"inLanguage":"pl-PL","potentialAction":[{"@type":"ReadAction","target":["https:\/\/nezlamna.org\/pl\/bajki-dla-dzieci-na-swieto-dziekczynienia-%e2%84%963\/"]}]},{"@type":"ImageObject","inLanguage":"pl-PL","@id":"https:\/\/nezlamna.org\/pl\/bajki-dla-dzieci-na-swieto-dziekczynienia-%e2%84%963\/#primaryimage","url":"https:\/\/nezlamna.org\/wp-content\/uploads\/2022\/10\/1-scaled.jpeg","contentUrl":"https:\/\/nezlamna.org\/wp-content\/uploads\/2022\/10\/1-scaled.jpeg","width":2560,"height":1440,"caption":"\u0406\u0441\u0442\u043e\u0440\u0456\u044f \u041d\u0430\u0442\u0430\u043b\u0456\u0457 \u0420\u043e\u0432\u0438\u0446\u044c\u043a\u043e\u0457"},{"@type":"BreadcrumbList","@id":"https:\/\/nezlamna.org\/pl\/bajki-dla-dzieci-na-swieto-dziekczynienia-%e2%84%963\/#breadcrumb","itemListElement":[{"@type":"ListItem","position":1,"name":"Home","item":"https:\/\/nezlamna.org\/pl\/"},{"@type":"ListItem","position":2,"name":"Bajki dla dzieci na \u015awi\u0119to Dzi\u0119kczynienia \u21163"}]},{"@type":"WebSite","@id":"https:\/\/nezlamna.org\/pl\/#website","url":"https:\/\/nezlamna.org\/pl\/","name":"Niezniszczalna Ukraina","description":"Projekt edukacyjny","publisher":{"@id":"https:\/\/nezlamna.org\/pl\/#organization"},"potentialAction":[{"@type":"SearchAction","target":{"@type":"EntryPoint","urlTemplate":"https:\/\/nezlamna.org\/pl\/?s={search_term_string}"},"query-input":{"@type":"PropertyValueSpecification","valueRequired":true,"valueName":"search_term_string"}}],"inLanguage":"pl-PL"},{"@type":"Organization","@id":"https:\/\/nezlamna.org\/pl\/#organization","name":"FUNDACJA NIEZNISZCZALNA UKRAINA","url":"https:\/\/nezlamna.org\/pl\/","logo":{"@type":"ImageObject","inLanguage":"pl-PL","@id":"https:\/\/nezlamna.org\/pl\/#\/schema\/logo\/image\/","url":"https:\/\/nezlamna.org\/wp-content\/uploads\/2022\/07\/cropped-unbreakable_logo_color-vesna.png","contentUrl":"https:\/\/nezlamna.org\/wp-content\/uploads\/2022\/07\/cropped-unbreakable_logo_color-vesna.png","width":1080,"height":360,"caption":"FUNDACJA NIEZNISZCZALNA UKRAINA"},"image":{"@id":"https:\/\/nezlamna.org\/pl\/#\/schema\/logo\/image\/"}}]}},"campaignId":"","uagb_featured_image_src":{"full":["https:\/\/nezlamna.org\/wp-content\/uploads\/2022\/10\/1-scaled.jpeg",2560,1440,false],"thumbnail":["https:\/\/nezlamna.org\/wp-content\/uploads\/2022\/10\/1-150x150.jpeg",150,150,true],"medium":["https:\/\/nezlamna.org\/wp-content\/uploads\/2022\/10\/1-300x169.jpeg",300,169,true],"medium_large":["https:\/\/nezlamna.org\/wp-content\/uploads\/2022\/10\/1-768x432.jpeg",768,432,true],"large":["https:\/\/nezlamna.org\/wp-content\/uploads\/2022\/10\/1-1024x576.jpeg",1024,576,true],"1536x1536":["https:\/\/nezlamna.org\/wp-content\/uploads\/2022\/10\/1-1536x864.jpeg",1536,864,true],"2048x2048":["https:\/\/nezlamna.org\/wp-content\/uploads\/2022\/10\/1-2048x1152.jpeg",2048,1152,true]},"uagb_author_info":{"display_name":"Admin Nezlamna","author_link":"https:\/\/nezlamna.org\/pl\/author\/marina-y\/"},"uagb_comment_info":0,"uagb_excerpt":"Historia \u21163 W zawodzie bez rodzic\u00f3w Mo\u017cesz przekaza\u0107 darowizn\u0119 za pomoc\u0105 kodu QR Wi\u0119cej sposob\u00f3w na wp\u0142aty na naszej stronie Zebrane \u015brodki zostan\u0105 przeznaczone na [&hellip;]","_links":{"self":[{"href":"https:\/\/nezlamna.org\/pl\/wp-json\/wp\/v2\/pages\/17615","targetHints":{"allow":["GET"]}}],"collection":[{"href":"https:\/\/nezlamna.org\/pl\/wp-json\/wp\/v2\/pages"}],"about":[{"href":"https:\/\/nezlamna.org\/pl\/wp-json\/wp\/v2\/types\/page"}],"author":[{"embeddable":true,"href":"https:\/\/nezlamna.org\/pl\/wp-json\/wp\/v2\/users\/6"}],"replies":[{"embeddable":true,"href":"https:\/\/nezlamna.org\/pl\/wp-json\/wp\/v2\/comments?post=17615"}],"version-history":[{"count":0,"href":"https:\/\/nezlamna.org\/pl\/wp-json\/wp\/v2\/pages\/17615\/revisions"}],"wp:featuredmedia":[{"embeddable":true,"href":"https:\/\/nezlamna.org\/pl\/wp-json\/wp\/v2\/media\/15916"}],"wp:attachment":[{"href":"https:\/\/nezlamna.org\/pl\/wp-json\/wp\/v2\/media?parent=17615"}],"wp:term":[{"taxonomy":"category","embeddable":true,"href":"https:\/\/nezlamna.org\/pl\/wp-json\/wp\/v2\/categories?post=17615"},{"taxonomy":"post_tag","embeddable":true,"href":"https:\/\/nezlamna.org\/pl\/wp-json\/wp\/v2\/tags?post=17615"}],"curies":[{"name":"wp","href":"https:\/\/api.w.org\/{rel}","templated":true}]}}