{"id":17602,"date":"2022-11-28T21:30:01","date_gmt":"2022-11-28T21:30:01","guid":{"rendered":"https:\/\/nezlamna.org\/bajki-dla-dzieci-na-swieto-dziekczynienia-%e2%84%962\/"},"modified":"2022-11-28T22:01:19","modified_gmt":"2022-11-28T22:01:19","slug":"bajki-dla-dzieci-na-swieto-dziekczynienia-%e2%84%962","status":"publish","type":"page","link":"https:\/\/nezlamna.org\/pl\/bajki-dla-dzieci-na-swieto-dziekczynienia-%e2%84%962\/","title":{"rendered":"Bajki dla dzieci na \u015awi\u0119to Dzi\u0119kczynienia \u21162"},"content":{"rendered":"\t\t<div data-elementor-type=\"wp-page\" data-elementor-id=\"17602\" class=\"elementor elementor-17602 elementor-17577\" data-elementor-post-type=\"page\">\n\t\t\t\t\t\t<section class=\"ob-is-breaking-bad elementor-section elementor-top-section elementor-element elementor-element-utyowzx elementor-section-content-top elementor-section-boxed elementor-section-height-default elementor-section-height-default\" data-id=\"utyowzx\" data-element_type=\"section\" data-e-type=\"section\" data-settings=\"{&quot;background_background&quot;:&quot;classic&quot;,&quot;_ob_bbad_use_it&quot;:&quot;yes&quot;,&quot;_ob_bbad_sssic_use&quot;:&quot;no&quot;,&quot;_ob_glider_is_slider&quot;:&quot;no&quot;}\">\n\t\t\t\t\t\t\t<div class=\"elementor-background-overlay\"><\/div>\n\t\t\t\t\t\t\t<div class=\"elementor-container elementor-column-gap-no\">\n\t\t\t\t\t<div class=\"elementor-column elementor-col-50 elementor-top-column elementor-element elementor-element-18103c4\" data-id=\"18103c4\" data-element_type=\"column\" data-e-type=\"column\" data-settings=\"{&quot;_ob_bbad_is_stalker&quot;:&quot;no&quot;,&quot;_ob_teleporter_use&quot;:false,&quot;_ob_column_hoveranimator&quot;:&quot;no&quot;,&quot;_ob_column_has_pseudo&quot;:&quot;no&quot;}\">\n\t\t\t<div class=\"elementor-widget-wrap elementor-element-populated\">\n\t\t\t\t\t\t<div class=\"elementor-element elementor-element-e4f0873 ob-harakiri-inherit ob-has-background-overlay elementor-widget elementor-widget-heading\" data-id=\"e4f0873\" data-element_type=\"widget\" data-e-type=\"widget\" data-settings=\"{&quot;_ob_use_harakiri&quot;:&quot;yes&quot;,&quot;_ob_harakiri_writing_mode&quot;:&quot;inherit&quot;,&quot;_ob_harakiri_text_clip&quot;:&quot;none&quot;,&quot;_ob_perspektive_use&quot;:&quot;no&quot;,&quot;_ob_poopart_use&quot;:&quot;yes&quot;,&quot;_ob_shadough_use&quot;:&quot;no&quot;,&quot;_ob_allow_hoveranimator&quot;:&quot;no&quot;,&quot;_ob_widget_stalker_use&quot;:&quot;no&quot;}\" data-widget_type=\"heading.default\">\n\t\t\t\t\t\t<div class=\"elementor-widget-container\">\n\t\t\t\t\t<h5 class=\"elementor-heading-title elementor-size-default\">Historia \u21162<\/h5>\t\t\t\t<\/div>\n\t\t\t\t<\/div>\n\t\t\t\t<div class=\"elementor-element elementor-element-18bba3c ob-harakiri-inherit ob-has-background-overlay elementor-widget elementor-widget-heading\" data-id=\"18bba3c\" data-element_type=\"widget\" data-e-type=\"widget\" data-settings=\"{&quot;_ob_use_harakiri&quot;:&quot;yes&quot;,&quot;_ob_harakiri_writing_mode&quot;:&quot;inherit&quot;,&quot;_ob_harakiri_text_clip&quot;:&quot;none&quot;,&quot;_ob_perspektive_use&quot;:&quot;no&quot;,&quot;_ob_poopart_use&quot;:&quot;yes&quot;,&quot;_ob_shadough_use&quot;:&quot;no&quot;,&quot;_ob_allow_hoveranimator&quot;:&quot;no&quot;,&quot;_ob_widget_stalker_use&quot;:&quot;no&quot;}\" data-widget_type=\"heading.default\">\n\t\t\t\t\t\t<div class=\"elementor-widget-container\">\n\t\t\t\t\t<h2 class=\"elementor-heading-title elementor-size-default\">9 na 10: ca\u0142a gromada braci i si\u00f3str spod rosyjskiej granicy znalaz\u0142a schronienie w naszej szkole<\/h2>\t\t\t\t<\/div>\n\t\t\t\t<\/div>\n\t\t\t\t<div class=\"elementor-element elementor-element-d17ea96 ob-harakiri-inherit ob-has-background-overlay elementor-widget elementor-widget-text-editor\" data-id=\"d17ea96\" data-element_type=\"widget\" data-e-type=\"widget\" data-settings=\"{&quot;_ob_use_harakiri&quot;:&quot;yes&quot;,&quot;_ob_harakiri_writing_mode&quot;:&quot;inherit&quot;,&quot;_ob_postman_use&quot;:&quot;no&quot;,&quot;_ob_perspektive_use&quot;:&quot;no&quot;,&quot;_ob_poopart_use&quot;:&quot;yes&quot;,&quot;_ob_shadough_use&quot;:&quot;no&quot;,&quot;_ob_allow_hoveranimator&quot;:&quot;no&quot;,&quot;_ob_widget_stalker_use&quot;:&quot;no&quot;}\" data-widget_type=\"text-editor.default\">\n\t\t\t\t\t\t<div class=\"elementor-widget-container\">\n\t\t\t\t\t\t\t\t\t<p><img decoding=\"async\" class=\"alignleft wp-image-5354 size-thumbnail\" src=\"https:\/\/nezlamna.org\/wp-content\/uploads\/2022\/08\/photo1659436860-150x150.jpeg\" alt=\"\" width=\"150\" height=\"150\" srcset=\"https:\/\/nezlamna.org\/wp-content\/uploads\/2022\/08\/photo1659436860-150x150.jpeg 150w, https:\/\/nezlamna.org\/wp-content\/uploads\/2022\/08\/photo1659436860-300x300.jpeg 300w, https:\/\/nezlamna.org\/wp-content\/uploads\/2022\/08\/photo1659436860-768x769.jpeg 768w, https:\/\/nezlamna.org\/wp-content\/uploads\/2022\/08\/photo1659436860.jpeg 823w\" sizes=\"(max-width: 150px) 100vw, 150px\" \/><span style=\"font-weight: 400;\">Mo\u017cesz przekaza\u0107 darowizn\u0119 za pomoc\u0105 kodu QR<br \/><\/span> <span style=\"font-weight: 400;\">Wi\u0119cej sposob\u00f3w na wp\u0142aty na naszej<\/span> <strong><a href=\"https:\/\/nezlamna.org\/pl\/wplac-teraz\/\">stronie<\/a><\/strong> <\/p>\n<p><span style=\"font-weight: 400;\">Zebrane \u015brodki zostan\u0105 przeznaczone na wynajem szk\u00f3\u0142 i zakup pomocy dydaktycznych. <\/span><\/p>\n\t\t\t\t\t\t\t\t<\/div>\n\t\t\t\t<\/div>\n\t\t\t\t\t<\/div>\n\t\t<\/div>\n\t\t\t\t<div class=\"elementor-column elementor-col-50 elementor-top-column elementor-element elementor-element-eeba8e2\" data-id=\"eeba8e2\" data-element_type=\"column\" data-e-type=\"column\" data-settings=\"{&quot;_ob_bbad_is_stalker&quot;:&quot;no&quot;,&quot;_ob_teleporter_use&quot;:false,&quot;_ob_column_hoveranimator&quot;:&quot;no&quot;,&quot;_ob_column_has_pseudo&quot;:&quot;no&quot;}\">\n\t\t\t<div class=\"elementor-widget-wrap elementor-element-populated\">\n\t\t\t\t\t\t<div class=\"elementor-element elementor-element-b65f008 ob-harakiri-inherit ob-has-background-overlay elementor-widget elementor-widget-text-editor\" data-id=\"b65f008\" data-element_type=\"widget\" data-e-type=\"widget\" data-settings=\"{&quot;_ob_use_harakiri&quot;:&quot;yes&quot;,&quot;_ob_harakiri_writing_mode&quot;:&quot;inherit&quot;,&quot;_ob_postman_use&quot;:&quot;no&quot;,&quot;_ob_perspektive_use&quot;:&quot;no&quot;,&quot;_ob_poopart_use&quot;:&quot;yes&quot;,&quot;_ob_shadough_use&quot;:&quot;no&quot;,&quot;_ob_allow_hoveranimator&quot;:&quot;no&quot;,&quot;_ob_widget_stalker_use&quot;:&quot;no&quot;}\" data-widget_type=\"text-editor.default\">\n\t\t\t\t\t\t<div class=\"elementor-widget-container\">\n\t\t\t\t\t\t\t\t\t<p><span style=\"font-weight: 400;\">Poznaj: to jest Ilya! Uczy si\u0119 w 8 klasie naszej szko\u0142y we Wroc\u0142awiu. A to jest Sofia. Mateusz. Mychaj\u0142o. Abigail. Iryna i Anastazja. Sze\u015b\u0107 braci i si\u00f3str Ilyi, kt\u00f3rzy r\u00f3wnie\u017c ucz\u0105 si\u0119 w naszej szkole. A tak\u017ce &#8211; Stefania i Oleksandra. Bli\u017aniaczki, kt\u00f3re maj\u0105 po 5 lat, ale s\u0105 ju\u017c zapisane do naszej szko\u0142y. Tylko ma\u0142a Tanya nie nale\u017cy do szko\u0142y \u201eNiezniszczalnej\u201d &#8211; ma cztery lata &#8211; jest za m\u0142oda.<\/span><\/p>\n<p><span style=\"font-weight: 400;\">&#8230;23 lutego 10 z tych braci i si\u00f3str po raz ostatni wr\u00f3ci do domu ze szko\u0142y i po obiedzie uda si\u0119 do swoich pokoi. Od nast\u0119pnego dnia kupuj\u0105cy b\u0119d\u0105 bez pr\u0105du. B\u0119d\u0105 spa\u0107 przy \u015bwiecach &#8211; albo w kuchni, albo o dziesi\u0105tej &#8211; po prostu by\u0107 razem. Za tydzie\u0144 zamkn\u0105 drzwi swojego domu i wyjad\u0105 do Polski. I to cud, \u017ce bomba nie trafi\u0142a w ich dom&#8230; <\/span><\/p>\n<p><span style=\"font-weight: 400;\">Wie\u015b Iliya, 30 km od Bie\u0142gorodu, zosta\u0142a zniszczona. Zbombardowano s\u0105siednie domy. Pozosta\u0142e osoby \u017cyj\u0105 tu bez pr\u0105du i gazu od o\u015bmiu miesi\u0119cy. To strefa wojny, wi\u0119c sieci s\u0105 ca\u0142kowicie zniszczone.<\/span><\/p>\n<p><span style=\"font-weight: 400;\">Rodzinie jest ci\u0119\u017cko, ale i tak doje\u017cd\u017caj\u0105 do Wroc\u0142awia, gdzie dzieci szalej\u0105 w mieszkaniu na 5 pi\u0119trze. \u017badnego biegania, \u017cadnego r\u0105bania drewna. WSZYSTKO JEST DZIWE i zupe\u0142nie niezrozumia\u0142e. Mama dzwoni na Ukrain\u0119 i dowiaduje si\u0119, \u017ce ich szko\u0142a te\u017c nie przetrwa\u0142a. Nie ma mo\u017cliwo\u015bci przeprowadzenia szkolenia online. Nie zachowa\u0142y si\u0119 akta osobowe dzieci. <\/span><\/p>\n<p><span style=\"font-weight: 400;\">Zak\u0142opotanie. Bezsilno\u015b\u0107. Polska szko\u0142a jeszcze bardziej pog\u0142\u0119bi\u0142aby kryzys dzieci. <\/span><\/p>\n<p><i><span style=\"font-weight: 400;\">\u201eNiech B\u00f3g b\u0142ogos\u0142awi wszystkim, kt\u00f3rzy organizuj\u0105 ukrai\u0144sk\u0105 szko\u0142\u0119 w Polsce\u201d \u2013 niestrudzenie powtarza mama Ilji Iryny. \u2014 \u201eNauczyciele s\u0105 na swoim miejscu. Odczuwalne jest wsparcie psychologiczne udzielane dzieciom. Oczywi\u015bcie marzymy o powrocie do domu! Ale chocia\u017c nie jest to mo\u017cliwe, jeste\u015bmy wdzi\u0119czni wszystkim, kt\u00f3rzy wspieraj\u0105 nasze dzieci, daj\u0105c im mo\u017cliwo\u015b\u0107 nauki w domu\u201d.<\/span><\/i><\/p>\n<p><span style=\"font-weight: 400;\">Ka\u017cdego wieczoru Ilyi, starsze dzieci, a nawet Tatianka modl\u0105 si\u0119 o pok\u00f3j. Niech Pan chroni tych, kt\u00f3rzy pozostaj\u0105 na Ukrainie. I \u017ceby to z\u0142o, kt\u00f3re widzieli na w\u0142asne oczy, nie posz\u0142o dalej i nie dotkn\u0119\u0142o nikogo innego w \u017cyciu. <\/span><\/p>\n\t\t\t\t\t\t\t\t<\/div>\n\t\t\t\t<\/div>\n\t\t\t\t\t<\/div>\n\t\t<\/div>\n\t\t\t\t\t<\/div>\n\t\t<\/section>\n\t\t\t\t<\/div>\n\t\t","protected":false},"excerpt":{"rendered":"<p>Historia \u21162 9 na 10: ca\u0142a gromada braci i si\u00f3str spod rosyjskiej granicy znalaz\u0142a schronienie w naszej szkole Mo\u017cesz przekaza\u0107 darowizn\u0119 za pomoc\u0105 kodu QR [&hellip;]<\/p>\n","protected":false},"author":6,"featured_media":15916,"parent":0,"menu_order":0,"comment_status":"closed","ping_status":"closed","template":"","meta":{"give_campaign_id":0,"nf_dc_page":"","inline_featured_image":false,"_uag_custom_page_level_css":"","site-sidebar-layout":"no-sidebar","site-content-layout":"Kreator stron","ast-site-content-layout":"default","site-content-style":"default","site-sidebar-style":"default","ast-global-header-display":"","ast-banner-title-visibility":"","ast-main-header-display":"","ast-hfb-above-header-display":"","ast-hfb-below-header-display":"","ast-hfb-mobile-header-display":"","site-post-title":"disabled","ast-breadcrumbs-content":"","ast-featured-img":"disabled","footer-sml-layout":"","ast-disable-related-posts":"","theme-transparent-header-meta":"","adv-header-id-meta":"","stick-header-meta":"","header-above-stick-meta":"","header-main-stick-meta":"","header-below-stick-meta":"","astra-migrate-meta-layouts":"default","ast-page-background-enabled":"default","ast-page-background-meta":{"desktop":{"background-color":"","background-image":"","background-repeat":"repeat","background-position":"center center","background-size":"auto","background-attachment":"scroll","background-type":"","background-media":"","overlay-type":"","overlay-color":"","overlay-opacity":"","overlay-gradient":""},"tablet":{"background-color":"","background-image":"","background-repeat":"repeat","background-position":"center center","background-size":"auto","background-attachment":"scroll","background-type":"","background-media":"","overlay-type":"","overlay-color":"","overlay-opacity":"","overlay-gradient":""},"mobile":{"background-color":"","background-image":"","background-repeat":"repeat","background-position":"center center","background-size":"auto","background-attachment":"scroll","background-type":"","background-media":"","overlay-type":"","overlay-color":"","overlay-opacity":"","overlay-gradient":""}},"ast-content-background-meta":{"desktop":{"background-color":"var(--ast-global-color-5)","background-image":"","background-repeat":"repeat","background-position":"center center","background-size":"auto","background-attachment":"scroll","background-type":"","background-media":"","overlay-type":"","overlay-color":"","overlay-opacity":"","overlay-gradient":""},"tablet":{"background-color":"var(--ast-global-color-5)","background-image":"","background-repeat":"repeat","background-position":"center center","background-size":"auto","background-attachment":"scroll","background-type":"","background-media":"","overlay-type":"","overlay-color":"","overlay-opacity":"","overlay-gradient":""},"mobile":{"background-color":"var(--ast-global-color-5)","background-image":"","background-repeat":"repeat","background-position":"center center","background-size":"auto","background-attachment":"scroll","background-type":"","background-media":"","overlay-type":"","overlay-color":"","overlay-opacity":"","overlay-gradient":""}},"footnotes":""},"categories":[74],"tags":[],"class_list":["post-17602","page","type-page","status-publish","has-post-thumbnail","hentry","category-aktualnosci"],"yoast_head":"<!-- This site is optimized with the Yoast SEO plugin v27.4 - https:\/\/yoast.com\/product\/yoast-seo-wordpress\/ -->\n<title>Bajki dla dzieci na \u015awi\u0119to Dzi\u0119kczynienia \u21162 - Niezniszczalna Ukraina<\/title>\n<meta name=\"robots\" content=\"index, follow, max-snippet:-1, max-image-preview:large, max-video-preview:-1\" \/>\n<link rel=\"canonical\" href=\"https:\/\/nezlamna.org\/pl\/bajki-dla-dzieci-na-swieto-dziekczynienia-%e2%84%962\/\" \/>\n<meta property=\"og:locale\" content=\"pl_PL\" \/>\n<meta property=\"og:type\" content=\"article\" \/>\n<meta property=\"og:title\" content=\"Bajki dla dzieci na \u015awi\u0119to Dzi\u0119kczynienia \u21162 - Niezniszczalna Ukraina\" \/>\n<meta property=\"og:description\" content=\"Historia \u21162 9 na 10: ca\u0142a gromada braci i si\u00f3str spod rosyjskiej granicy znalaz\u0142a schronienie w naszej szkole Mo\u017cesz przekaza\u0107 darowizn\u0119 za pomoc\u0105 kodu QR [&hellip;]\" \/>\n<meta property=\"og:url\" content=\"https:\/\/nezlamna.org\/pl\/bajki-dla-dzieci-na-swieto-dziekczynienia-%e2%84%962\/\" \/>\n<meta property=\"og:site_name\" content=\"Niezniszczalna Ukraina\" \/>\n<meta property=\"article:modified_time\" content=\"2022-11-28T22:01:19+00:00\" \/>\n<meta property=\"og:image\" content=\"https:\/\/nezlamna.org\/wp-content\/uploads\/2022\/10\/1-scaled.jpeg\" \/>\n\t<meta property=\"og:image:width\" content=\"2560\" \/>\n\t<meta property=\"og:image:height\" content=\"1440\" \/>\n\t<meta property=\"og:image:type\" content=\"image\/jpeg\" \/>\n<meta name=\"twitter:card\" content=\"summary_large_image\" \/>\n<meta name=\"twitter:label1\" content=\"Szacowany czas czytania\" \/>\n\t<meta name=\"twitter:data1\" content=\"2 minuty\" \/>\n<script type=\"application\/ld+json\" class=\"yoast-schema-graph\">{\"@context\":\"https:\\\/\\\/schema.org\",\"@graph\":[{\"@type\":\"WebPage\",\"@id\":\"https:\\\/\\\/nezlamna.org\\\/pl\\\/bajki-dla-dzieci-na-swieto-dziekczynienia-%e2%84%962\\\/\",\"url\":\"https:\\\/\\\/nezlamna.org\\\/pl\\\/bajki-dla-dzieci-na-swieto-dziekczynienia-%e2%84%962\\\/\",\"name\":\"Bajki dla dzieci na \u015awi\u0119to Dzi\u0119kczynienia \u21162 - Niezniszczalna Ukraina\",\"isPartOf\":{\"@id\":\"https:\\\/\\\/nezlamna.org\\\/pl\\\/#website\"},\"primaryImageOfPage\":{\"@id\":\"https:\\\/\\\/nezlamna.org\\\/pl\\\/bajki-dla-dzieci-na-swieto-dziekczynienia-%e2%84%962\\\/#primaryimage\"},\"image\":{\"@id\":\"https:\\\/\\\/nezlamna.org\\\/pl\\\/bajki-dla-dzieci-na-swieto-dziekczynienia-%e2%84%962\\\/#primaryimage\"},\"thumbnailUrl\":\"https:\\\/\\\/nezlamna.org\\\/wp-content\\\/uploads\\\/2022\\\/10\\\/1-scaled.jpeg\",\"datePublished\":\"2022-11-28T21:30:01+00:00\",\"dateModified\":\"2022-11-28T22:01:19+00:00\",\"breadcrumb\":{\"@id\":\"https:\\\/\\\/nezlamna.org\\\/pl\\\/bajki-dla-dzieci-na-swieto-dziekczynienia-%e2%84%962\\\/#breadcrumb\"},\"inLanguage\":\"pl-PL\",\"potentialAction\":[{\"@type\":\"ReadAction\",\"target\":[\"https:\\\/\\\/nezlamna.org\\\/pl\\\/bajki-dla-dzieci-na-swieto-dziekczynienia-%e2%84%962\\\/\"]}]},{\"@type\":\"ImageObject\",\"inLanguage\":\"pl-PL\",\"@id\":\"https:\\\/\\\/nezlamna.org\\\/pl\\\/bajki-dla-dzieci-na-swieto-dziekczynienia-%e2%84%962\\\/#primaryimage\",\"url\":\"https:\\\/\\\/nezlamna.org\\\/wp-content\\\/uploads\\\/2022\\\/10\\\/1-scaled.jpeg\",\"contentUrl\":\"https:\\\/\\\/nezlamna.org\\\/wp-content\\\/uploads\\\/2022\\\/10\\\/1-scaled.jpeg\",\"width\":2560,\"height\":1440,\"caption\":\"\u0406\u0441\u0442\u043e\u0440\u0456\u044f \u041d\u0430\u0442\u0430\u043b\u0456\u0457 \u0420\u043e\u0432\u0438\u0446\u044c\u043a\u043e\u0457\"},{\"@type\":\"BreadcrumbList\",\"@id\":\"https:\\\/\\\/nezlamna.org\\\/pl\\\/bajki-dla-dzieci-na-swieto-dziekczynienia-%e2%84%962\\\/#breadcrumb\",\"itemListElement\":[{\"@type\":\"ListItem\",\"position\":1,\"name\":\"Home\",\"item\":\"https:\\\/\\\/nezlamna.org\\\/pl\\\/\"},{\"@type\":\"ListItem\",\"position\":2,\"name\":\"Bajki dla dzieci na \u015awi\u0119to Dzi\u0119kczynienia \u21162\"}]},{\"@type\":\"WebSite\",\"@id\":\"https:\\\/\\\/nezlamna.org\\\/pl\\\/#website\",\"url\":\"https:\\\/\\\/nezlamna.org\\\/pl\\\/\",\"name\":\"Niezniszczalna Ukraina\",\"description\":\"Projekt edukacyjny\",\"publisher\":{\"@id\":\"https:\\\/\\\/nezlamna.org\\\/pl\\\/#organization\"},\"potentialAction\":[{\"@type\":\"SearchAction\",\"target\":{\"@type\":\"EntryPoint\",\"urlTemplate\":\"https:\\\/\\\/nezlamna.org\\\/pl\\\/?s={search_term_string}\"},\"query-input\":{\"@type\":\"PropertyValueSpecification\",\"valueRequired\":true,\"valueName\":\"search_term_string\"}}],\"inLanguage\":\"pl-PL\"},{\"@type\":\"Organization\",\"@id\":\"https:\\\/\\\/nezlamna.org\\\/pl\\\/#organization\",\"name\":\"FUNDACJA NIEZNISZCZALNA UKRAINA\",\"url\":\"https:\\\/\\\/nezlamna.org\\\/pl\\\/\",\"logo\":{\"@type\":\"ImageObject\",\"inLanguage\":\"pl-PL\",\"@id\":\"https:\\\/\\\/nezlamna.org\\\/pl\\\/#\\\/schema\\\/logo\\\/image\\\/\",\"url\":\"https:\\\/\\\/nezlamna.org\\\/wp-content\\\/uploads\\\/2022\\\/07\\\/cropped-unbreakable_logo_color-vesna.png\",\"contentUrl\":\"https:\\\/\\\/nezlamna.org\\\/wp-content\\\/uploads\\\/2022\\\/07\\\/cropped-unbreakable_logo_color-vesna.png\",\"width\":1080,\"height\":360,\"caption\":\"FUNDACJA NIEZNISZCZALNA UKRAINA\"},\"image\":{\"@id\":\"https:\\\/\\\/nezlamna.org\\\/pl\\\/#\\\/schema\\\/logo\\\/image\\\/\"}}]}<\/script>\n<!-- \/ Yoast SEO plugin. -->","yoast_head_json":{"title":"Bajki dla dzieci na \u015awi\u0119to Dzi\u0119kczynienia \u21162 - Niezniszczalna Ukraina","robots":{"index":"index","follow":"follow","max-snippet":"max-snippet:-1","max-image-preview":"max-image-preview:large","max-video-preview":"max-video-preview:-1"},"canonical":"https:\/\/nezlamna.org\/pl\/bajki-dla-dzieci-na-swieto-dziekczynienia-%e2%84%962\/","og_locale":"pl_PL","og_type":"article","og_title":"Bajki dla dzieci na \u015awi\u0119to Dzi\u0119kczynienia \u21162 - Niezniszczalna Ukraina","og_description":"Historia \u21162 9 na 10: ca\u0142a gromada braci i si\u00f3str spod rosyjskiej granicy znalaz\u0142a schronienie w naszej szkole Mo\u017cesz przekaza\u0107 darowizn\u0119 za pomoc\u0105 kodu QR [&hellip;]","og_url":"https:\/\/nezlamna.org\/pl\/bajki-dla-dzieci-na-swieto-dziekczynienia-%e2%84%962\/","og_site_name":"Niezniszczalna Ukraina","article_modified_time":"2022-11-28T22:01:19+00:00","og_image":[{"width":2560,"height":1440,"url":"https:\/\/nezlamna.org\/wp-content\/uploads\/2022\/10\/1-scaled.jpeg","type":"image\/jpeg"}],"twitter_card":"summary_large_image","twitter_misc":{"Szacowany czas czytania":"2 minuty"},"schema":{"@context":"https:\/\/schema.org","@graph":[{"@type":"WebPage","@id":"https:\/\/nezlamna.org\/pl\/bajki-dla-dzieci-na-swieto-dziekczynienia-%e2%84%962\/","url":"https:\/\/nezlamna.org\/pl\/bajki-dla-dzieci-na-swieto-dziekczynienia-%e2%84%962\/","name":"Bajki dla dzieci na \u015awi\u0119to Dzi\u0119kczynienia \u21162 - Niezniszczalna Ukraina","isPartOf":{"@id":"https:\/\/nezlamna.org\/pl\/#website"},"primaryImageOfPage":{"@id":"https:\/\/nezlamna.org\/pl\/bajki-dla-dzieci-na-swieto-dziekczynienia-%e2%84%962\/#primaryimage"},"image":{"@id":"https:\/\/nezlamna.org\/pl\/bajki-dla-dzieci-na-swieto-dziekczynienia-%e2%84%962\/#primaryimage"},"thumbnailUrl":"https:\/\/nezlamna.org\/wp-content\/uploads\/2022\/10\/1-scaled.jpeg","datePublished":"2022-11-28T21:30:01+00:00","dateModified":"2022-11-28T22:01:19+00:00","breadcrumb":{"@id":"https:\/\/nezlamna.org\/pl\/bajki-dla-dzieci-na-swieto-dziekczynienia-%e2%84%962\/#breadcrumb"},"inLanguage":"pl-PL","potentialAction":[{"@type":"ReadAction","target":["https:\/\/nezlamna.org\/pl\/bajki-dla-dzieci-na-swieto-dziekczynienia-%e2%84%962\/"]}]},{"@type":"ImageObject","inLanguage":"pl-PL","@id":"https:\/\/nezlamna.org\/pl\/bajki-dla-dzieci-na-swieto-dziekczynienia-%e2%84%962\/#primaryimage","url":"https:\/\/nezlamna.org\/wp-content\/uploads\/2022\/10\/1-scaled.jpeg","contentUrl":"https:\/\/nezlamna.org\/wp-content\/uploads\/2022\/10\/1-scaled.jpeg","width":2560,"height":1440,"caption":"\u0406\u0441\u0442\u043e\u0440\u0456\u044f \u041d\u0430\u0442\u0430\u043b\u0456\u0457 \u0420\u043e\u0432\u0438\u0446\u044c\u043a\u043e\u0457"},{"@type":"BreadcrumbList","@id":"https:\/\/nezlamna.org\/pl\/bajki-dla-dzieci-na-swieto-dziekczynienia-%e2%84%962\/#breadcrumb","itemListElement":[{"@type":"ListItem","position":1,"name":"Home","item":"https:\/\/nezlamna.org\/pl\/"},{"@type":"ListItem","position":2,"name":"Bajki dla dzieci na \u015awi\u0119to Dzi\u0119kczynienia \u21162"}]},{"@type":"WebSite","@id":"https:\/\/nezlamna.org\/pl\/#website","url":"https:\/\/nezlamna.org\/pl\/","name":"Niezniszczalna Ukraina","description":"Projekt edukacyjny","publisher":{"@id":"https:\/\/nezlamna.org\/pl\/#organization"},"potentialAction":[{"@type":"SearchAction","target":{"@type":"EntryPoint","urlTemplate":"https:\/\/nezlamna.org\/pl\/?s={search_term_string}"},"query-input":{"@type":"PropertyValueSpecification","valueRequired":true,"valueName":"search_term_string"}}],"inLanguage":"pl-PL"},{"@type":"Organization","@id":"https:\/\/nezlamna.org\/pl\/#organization","name":"FUNDACJA NIEZNISZCZALNA UKRAINA","url":"https:\/\/nezlamna.org\/pl\/","logo":{"@type":"ImageObject","inLanguage":"pl-PL","@id":"https:\/\/nezlamna.org\/pl\/#\/schema\/logo\/image\/","url":"https:\/\/nezlamna.org\/wp-content\/uploads\/2022\/07\/cropped-unbreakable_logo_color-vesna.png","contentUrl":"https:\/\/nezlamna.org\/wp-content\/uploads\/2022\/07\/cropped-unbreakable_logo_color-vesna.png","width":1080,"height":360,"caption":"FUNDACJA NIEZNISZCZALNA UKRAINA"},"image":{"@id":"https:\/\/nezlamna.org\/pl\/#\/schema\/logo\/image\/"}}]}},"campaignId":"","uagb_featured_image_src":{"full":["https:\/\/nezlamna.org\/wp-content\/uploads\/2022\/10\/1-scaled.jpeg",2560,1440,false],"thumbnail":["https:\/\/nezlamna.org\/wp-content\/uploads\/2022\/10\/1-150x150.jpeg",150,150,true],"medium":["https:\/\/nezlamna.org\/wp-content\/uploads\/2022\/10\/1-300x169.jpeg",300,169,true],"medium_large":["https:\/\/nezlamna.org\/wp-content\/uploads\/2022\/10\/1-768x432.jpeg",768,432,true],"large":["https:\/\/nezlamna.org\/wp-content\/uploads\/2022\/10\/1-1024x576.jpeg",1024,576,true],"1536x1536":["https:\/\/nezlamna.org\/wp-content\/uploads\/2022\/10\/1-1536x864.jpeg",1536,864,true],"2048x2048":["https:\/\/nezlamna.org\/wp-content\/uploads\/2022\/10\/1-2048x1152.jpeg",2048,1152,true]},"uagb_author_info":{"display_name":"Admin Nezlamna","author_link":"https:\/\/nezlamna.org\/pl\/author\/marina-y\/"},"uagb_comment_info":0,"uagb_excerpt":"Historia \u21162 9 na 10: ca\u0142a gromada braci i si\u00f3str spod rosyjskiej granicy znalaz\u0142a schronienie w naszej szkole Mo\u017cesz przekaza\u0107 darowizn\u0119 za pomoc\u0105 kodu QR [&hellip;]","_links":{"self":[{"href":"https:\/\/nezlamna.org\/pl\/wp-json\/wp\/v2\/pages\/17602","targetHints":{"allow":["GET"]}}],"collection":[{"href":"https:\/\/nezlamna.org\/pl\/wp-json\/wp\/v2\/pages"}],"about":[{"href":"https:\/\/nezlamna.org\/pl\/wp-json\/wp\/v2\/types\/page"}],"author":[{"embeddable":true,"href":"https:\/\/nezlamna.org\/pl\/wp-json\/wp\/v2\/users\/6"}],"replies":[{"embeddable":true,"href":"https:\/\/nezlamna.org\/pl\/wp-json\/wp\/v2\/comments?post=17602"}],"version-history":[{"count":0,"href":"https:\/\/nezlamna.org\/pl\/wp-json\/wp\/v2\/pages\/17602\/revisions"}],"wp:featuredmedia":[{"embeddable":true,"href":"https:\/\/nezlamna.org\/pl\/wp-json\/wp\/v2\/media\/15916"}],"wp:attachment":[{"href":"https:\/\/nezlamna.org\/pl\/wp-json\/wp\/v2\/media?parent=17602"}],"wp:term":[{"taxonomy":"category","embeddable":true,"href":"https:\/\/nezlamna.org\/pl\/wp-json\/wp\/v2\/categories?post=17602"},{"taxonomy":"post_tag","embeddable":true,"href":"https:\/\/nezlamna.org\/pl\/wp-json\/wp\/v2\/tags?post=17602"}],"curies":[{"name":"wp","href":"https:\/\/api.w.org\/{rel}","templated":true}]}}