{"id":17575,"date":"2022-11-28T21:03:48","date_gmt":"2022-11-28T21:03:48","guid":{"rendered":"https:\/\/nezlamna.org\/bajki-dla-dzieci-na-swieto-dziekczynienia-%e2%84%961\/"},"modified":"2022-11-28T21:48:09","modified_gmt":"2022-11-28T21:48:09","slug":"bajki-dla-dzieci-na-swieto-dziekczynienia-%e2%84%961","status":"publish","type":"page","link":"https:\/\/nezlamna.org\/pl\/nasi-dobroczyncy\/bajki-dla-dzieci-na-swieto-dziekczynienia-%e2%84%961\/","title":{"rendered":"Bajki dla dzieci na \u015awi\u0119to Dzi\u0119kczynienia \u21161"},"content":{"rendered":"\t\t<div data-elementor-type=\"wp-page\" data-elementor-id=\"17575\" class=\"elementor elementor-17575 elementor-17565\" data-elementor-post-type=\"page\">\n\t\t\t\t\t\t<section class=\"ob-is-breaking-bad elementor-section elementor-top-section elementor-element elementor-element-utyowzx elementor-section-content-top elementor-section-boxed elementor-section-height-default elementor-section-height-default\" data-id=\"utyowzx\" data-element_type=\"section\" data-e-type=\"section\" data-settings=\"{&quot;background_background&quot;:&quot;classic&quot;,&quot;_ob_bbad_use_it&quot;:&quot;yes&quot;,&quot;_ob_bbad_sssic_use&quot;:&quot;no&quot;,&quot;_ob_glider_is_slider&quot;:&quot;no&quot;}\">\n\t\t\t\t\t\t\t<div class=\"elementor-background-overlay\"><\/div>\n\t\t\t\t\t\t\t<div class=\"elementor-container elementor-column-gap-no\">\n\t\t\t\t\t<div class=\"elementor-column elementor-col-50 elementor-top-column elementor-element elementor-element-18103c4\" data-id=\"18103c4\" data-element_type=\"column\" data-e-type=\"column\" data-settings=\"{&quot;_ob_bbad_is_stalker&quot;:&quot;no&quot;,&quot;_ob_teleporter_use&quot;:false,&quot;_ob_column_hoveranimator&quot;:&quot;no&quot;,&quot;_ob_column_has_pseudo&quot;:&quot;no&quot;}\">\n\t\t\t<div class=\"elementor-widget-wrap elementor-element-populated\">\n\t\t\t\t\t\t<div class=\"elementor-element elementor-element-e4f0873 ob-harakiri-inherit ob-has-background-overlay elementor-widget elementor-widget-heading\" data-id=\"e4f0873\" data-element_type=\"widget\" data-e-type=\"widget\" data-settings=\"{&quot;_ob_use_harakiri&quot;:&quot;yes&quot;,&quot;_ob_harakiri_writing_mode&quot;:&quot;inherit&quot;,&quot;_ob_harakiri_text_clip&quot;:&quot;none&quot;,&quot;_ob_perspektive_use&quot;:&quot;no&quot;,&quot;_ob_poopart_use&quot;:&quot;yes&quot;,&quot;_ob_shadough_use&quot;:&quot;no&quot;,&quot;_ob_allow_hoveranimator&quot;:&quot;no&quot;,&quot;_ob_widget_stalker_use&quot;:&quot;no&quot;}\" data-widget_type=\"heading.default\">\n\t\t\t\t\t\t<div class=\"elementor-widget-container\">\n\t\t\t\t\t<h5 class=\"elementor-heading-title elementor-size-default\">Historia \u21161<\/h5>\t\t\t\t<\/div>\n\t\t\t\t<\/div>\n\t\t\t\t<div class=\"elementor-element elementor-element-18bba3c ob-harakiri-inherit ob-has-background-overlay elementor-widget elementor-widget-heading\" data-id=\"18bba3c\" data-element_type=\"widget\" data-e-type=\"widget\" data-settings=\"{&quot;_ob_use_harakiri&quot;:&quot;yes&quot;,&quot;_ob_harakiri_writing_mode&quot;:&quot;inherit&quot;,&quot;_ob_harakiri_text_clip&quot;:&quot;none&quot;,&quot;_ob_perspektive_use&quot;:&quot;no&quot;,&quot;_ob_poopart_use&quot;:&quot;yes&quot;,&quot;_ob_shadough_use&quot;:&quot;no&quot;,&quot;_ob_allow_hoveranimator&quot;:&quot;no&quot;,&quot;_ob_widget_stalker_use&quot;:&quot;no&quot;}\" data-widget_type=\"heading.default\">\n\t\t\t\t\t\t<div class=\"elementor-widget-container\">\n\t\t\t\t\t<h2 class=\"elementor-heading-title elementor-size-default\">Nauczyciel, kt\u00f3ry rozumie bez s\u0142\u00f3w<\/h2>\t\t\t\t<\/div>\n\t\t\t\t<\/div>\n\t\t\t\t<div class=\"elementor-element elementor-element-d17ea96 ob-harakiri-inherit ob-has-background-overlay elementor-widget elementor-widget-text-editor\" data-id=\"d17ea96\" data-element_type=\"widget\" data-e-type=\"widget\" data-settings=\"{&quot;_ob_use_harakiri&quot;:&quot;yes&quot;,&quot;_ob_harakiri_writing_mode&quot;:&quot;inherit&quot;,&quot;_ob_postman_use&quot;:&quot;no&quot;,&quot;_ob_perspektive_use&quot;:&quot;no&quot;,&quot;_ob_poopart_use&quot;:&quot;yes&quot;,&quot;_ob_shadough_use&quot;:&quot;no&quot;,&quot;_ob_allow_hoveranimator&quot;:&quot;no&quot;,&quot;_ob_widget_stalker_use&quot;:&quot;no&quot;}\" data-widget_type=\"text-editor.default\">\n\t\t\t\t\t\t<div class=\"elementor-widget-container\">\n\t\t\t\t\t\t\t\t\t<p><img decoding=\"async\" class=\"alignleft wp-image-5354 size-thumbnail\" src=\"https:\/\/nezlamna.org\/wp-content\/uploads\/2022\/08\/photo1659436860-150x150.jpeg\" alt=\"\" width=\"150\" height=\"150\" srcset=\"https:\/\/nezlamna.org\/wp-content\/uploads\/2022\/08\/photo1659436860-150x150.jpeg 150w, https:\/\/nezlamna.org\/wp-content\/uploads\/2022\/08\/photo1659436860-300x300.jpeg 300w, https:\/\/nezlamna.org\/wp-content\/uploads\/2022\/08\/photo1659436860-768x769.jpeg 768w, https:\/\/nezlamna.org\/wp-content\/uploads\/2022\/08\/photo1659436860.jpeg 823w\" sizes=\"(max-width: 150px) 100vw, 150px\" \/><span style=\"font-weight: 400;\">Mo\u017cesz przekaza\u0107 darowizn\u0119 za pomoc\u0105 kodu<br \/><\/span> <span style=\"font-weight: 400;\">Wi\u0119cej sposob\u00f3w na wp\u0142aty na naszej<\/span> <strong><a href=\"https:\/\/nezlamna.org\/pl\/wplac-teraz\/\">stronie<\/a><\/strong> <\/p>\n<p><span style=\"font-weight: 400;\">Zebrane \u015brodki zostan\u0105 przeznaczone na wynajem szk\u00f3\u0142 i zakup pomocy dydaktycznych. <\/span><\/p>\n\t\t\t\t\t\t\t\t<\/div>\n\t\t\t\t<\/div>\n\t\t\t\t\t<\/div>\n\t\t<\/div>\n\t\t\t\t<div class=\"elementor-column elementor-col-50 elementor-top-column elementor-element elementor-element-eeba8e2\" data-id=\"eeba8e2\" data-element_type=\"column\" data-e-type=\"column\" data-settings=\"{&quot;_ob_bbad_is_stalker&quot;:&quot;no&quot;,&quot;_ob_teleporter_use&quot;:false,&quot;_ob_column_hoveranimator&quot;:&quot;no&quot;,&quot;_ob_column_has_pseudo&quot;:&quot;no&quot;}\">\n\t\t\t<div class=\"elementor-widget-wrap elementor-element-populated\">\n\t\t\t\t\t\t<div class=\"elementor-element elementor-element-b65f008 ob-harakiri-inherit ob-has-background-overlay elementor-widget elementor-widget-text-editor\" data-id=\"b65f008\" data-element_type=\"widget\" data-e-type=\"widget\" data-settings=\"{&quot;_ob_use_harakiri&quot;:&quot;yes&quot;,&quot;_ob_harakiri_writing_mode&quot;:&quot;inherit&quot;,&quot;_ob_postman_use&quot;:&quot;no&quot;,&quot;_ob_perspektive_use&quot;:&quot;no&quot;,&quot;_ob_poopart_use&quot;:&quot;yes&quot;,&quot;_ob_shadough_use&quot;:&quot;no&quot;,&quot;_ob_allow_hoveranimator&quot;:&quot;no&quot;,&quot;_ob_widget_stalker_use&quot;:&quot;no&quot;}\" data-widget_type=\"text-editor.default\">\n\t\t\t\t\t\t<div class=\"elementor-widget-container\">\n\t\t\t\t\t\t\t\t\t<p><span style=\"font-weight: 400;\">\u201eW poprzednim \u017cyciu\u201d Olena Volodymyrivna jest nauczycielk\u0105 matematyki w przytulnym liceum na wsi na Wo\u0142yniu. Obecnie jest wychowawc\u0105 klasy VIII szko\u0142y ukrai\u0144skiej we Wroc\u0142awiu. T\u0119skni za ka\u017cdym dzieckiem w klasie. Stara si\u0119 ka\u017cdego wesprze\u0107, znale\u017a\u0107 dobre s\u0142owo, wesprze\u0107.&nbsp;<\/span><\/p>\n<p><span style=\"font-weight: 400;\">Sama Olena Volodymyrivna jest tak\u017ce matk\u0105. Jej Lyubomir uczy si\u0119 w si\u00f3dmej klasie tej samej szko\u0142y, a bli\u017aniaczki Wasylinka i Polinka w trzeciej.&nbsp;<\/span><\/p>\n<p><i><span style=\"font-weight: 400;\">\u201e7 marca pod Kijowem zmar\u0142 nasz ojciec. Jego ostatnia wiadomo\u015b\u0107: \u201eStaj\u0119 w obronie dzieci. Kto jak nie ja?\u201d\u2026<\/span><\/i><\/p>\n<p><span style=\"font-weight: 400;\">Lubomyr najmocniej prze\u017cywa strat\u0119 i roz\u0142\u0105k\u0119 z domem. Zdarzy\u0142o mu si\u0119 zobaczy\u0107 zdj\u0119cie, na kt\u00f3rym tata jest nie do poznania. Zamkni\u0119ty w sobie. Przed wojn\u0105 ch\u0142opiec marzy\u0142 o zostaniu programist\u0105, a teraz \u2013 \u017co\u0142nierzem: podobnie jak ojciec jest szalonym patriot\u0105. <\/span><span style=\"font-weight: 400;\"><br><\/span><span style=\"font-weight: 400;\"><br><\/span><span style=\"font-weight: 400;\">Dziewczynkom \u015bni si\u0119, \u017ce \u017cyj\u0105 ich mama, babcia i kot, kt\u00f3re zosta\u0142y u babci na Wo\u0142yniu. Wszyscy razem &#8211; dla pokoju na \u015bwiecie.<\/span><\/p>\n<p><i><span style=\"font-weight: 400;\">&#8220;<\/span><\/i><i><span style=\"font-weight: 400;\">\u201eTrudno opisa\u0107 b\u00f3l po stracie. Nie mog\u0119 w to uwierzy\u0107. Koszmar. Jedyn\u0105 pociech\u0105 dla nas wszystkich jest szko\u0142a. Przychodzisz rano i wydajesz si\u0119 zapomina\u0107 o swoich problemach. Lekcje, dzieci &#8211; wspierajcie wszystkich. Dla ka\u017cdego jest to trudne, a dla niekt\u00f3rych mo\u017ce by\u0107 jeszcze trudniejsze. Czasem p\u0142aczemy ju\u017c w domu, kiedy jak mawia\u0142 m\u00f3j m\u0105\u017c \u201ezaczynasz si\u0119 nad sob\u0105 u\u017cala\u0107<\/span><\/i><i><span style=\"font-weight: 400;\">&#8220;.<\/span><\/i><\/p>\n<p><span style=\"font-weight: 400;\">Ukrai\u0144ska szko\u0142a to \u017cycie \u201ena Ukrainie\u201d dla p\u00f3\u0142tora tysi\u0105ca rodzin. To \u017cycie, kt\u00f3re toczy si\u0119 dalej bez wzgl\u0119du na wszystko. To uczucie, \u017ce stracili\u015bmy cz\u0119\u015b\u0107 siebie, ale nie siebie. Wiara, kt\u00f3rej nigdy nie stracimy! I zwr\u00f3cimy go ca\u0142kowicie!&nbsp;&nbsp;<\/span><\/p>\t\t\t\t\t\t\t\t<\/div>\n\t\t\t\t<\/div>\n\t\t\t\t\t<\/div>\n\t\t<\/div>\n\t\t\t\t\t<\/div>\n\t\t<\/section>\n\t\t\t\t<\/div>\n\t\t","protected":false},"excerpt":{"rendered":"<p>Historia \u21161 Nauczyciel, kt\u00f3ry rozumie bez s\u0142\u00f3w Mo\u017cesz przekaza\u0107 darowizn\u0119 za pomoc\u0105 kodu Wi\u0119cej sposob\u00f3w na wp\u0142aty na naszej stronie Zebrane \u015brodki zostan\u0105 przeznaczone na [&hellip;]<\/p>\n","protected":false},"author":6,"featured_media":15916,"parent":16079,"menu_order":0,"comment_status":"closed","ping_status":"closed","template":"","meta":{"give_campaign_id":0,"nf_dc_page":"","inline_featured_image":false,"_uag_custom_page_level_css":"","site-sidebar-layout":"no-sidebar","site-content-layout":"Kreator stron","ast-site-content-layout":"default","site-content-style":"default","site-sidebar-style":"default","ast-global-header-display":"","ast-banner-title-visibility":"","ast-main-header-display":"","ast-hfb-above-header-display":"","ast-hfb-below-header-display":"","ast-hfb-mobile-header-display":"","site-post-title":"disabled","ast-breadcrumbs-content":"","ast-featured-img":"disabled","footer-sml-layout":"","ast-disable-related-posts":"","theme-transparent-header-meta":"","adv-header-id-meta":"","stick-header-meta":"","header-above-stick-meta":"","header-main-stick-meta":"","header-below-stick-meta":"","astra-migrate-meta-layouts":"default","ast-page-background-enabled":"default","ast-page-background-meta":{"desktop":{"background-color":"","background-image":"","background-repeat":"repeat","background-position":"center center","background-size":"auto","background-attachment":"scroll","background-type":"","background-media":"","overlay-type":"","overlay-color":"","overlay-opacity":"","overlay-gradient":""},"tablet":{"background-color":"","background-image":"","background-repeat":"repeat","background-position":"center center","background-size":"auto","background-attachment":"scroll","background-type":"","background-media":"","overlay-type":"","overlay-color":"","overlay-opacity":"","overlay-gradient":""},"mobile":{"background-color":"","background-image":"","background-repeat":"repeat","background-position":"center center","background-size":"auto","background-attachment":"scroll","background-type":"","background-media":"","overlay-type":"","overlay-color":"","overlay-opacity":"","overlay-gradient":""}},"ast-content-background-meta":{"desktop":{"background-color":"var(--ast-global-color-5)","background-image":"","background-repeat":"repeat","background-position":"center center","background-size":"auto","background-attachment":"scroll","background-type":"","background-media":"","overlay-type":"","overlay-color":"","overlay-opacity":"","overlay-gradient":""},"tablet":{"background-color":"var(--ast-global-color-5)","background-image":"","background-repeat":"repeat","background-position":"center center","background-size":"auto","background-attachment":"scroll","background-type":"","background-media":"","overlay-type":"","overlay-color":"","overlay-opacity":"","overlay-gradient":""},"mobile":{"background-color":"var(--ast-global-color-5)","background-image":"","background-repeat":"repeat","background-position":"center center","background-size":"auto","background-attachment":"scroll","background-type":"","background-media":"","overlay-type":"","overlay-color":"","overlay-opacity":"","overlay-gradient":""}},"footnotes":""},"categories":[74],"tags":[],"class_list":["post-17575","page","type-page","status-publish","has-post-thumbnail","hentry","category-aktualnosci"],"yoast_head":"<!-- This site is optimized with the Yoast SEO plugin v27.4 - https:\/\/yoast.com\/product\/yoast-seo-wordpress\/ -->\n<title>Bajki dla dzieci na \u015awi\u0119to Dzi\u0119kczynienia \u21161 - Niezniszczalna Ukraina<\/title>\n<meta name=\"robots\" content=\"index, follow, max-snippet:-1, max-image-preview:large, max-video-preview:-1\" \/>\n<link rel=\"canonical\" href=\"https:\/\/nezlamna.org\/pl\/nasi-dobroczyncy\/bajki-dla-dzieci-na-swieto-dziekczynienia-%e2%84%961\/\" \/>\n<meta property=\"og:locale\" content=\"pl_PL\" \/>\n<meta property=\"og:type\" content=\"article\" \/>\n<meta property=\"og:title\" content=\"Bajki dla dzieci na \u015awi\u0119to Dzi\u0119kczynienia \u21161 - Niezniszczalna Ukraina\" \/>\n<meta property=\"og:description\" content=\"Historia \u21161 Nauczyciel, kt\u00f3ry rozumie bez s\u0142\u00f3w Mo\u017cesz przekaza\u0107 darowizn\u0119 za pomoc\u0105 kodu Wi\u0119cej sposob\u00f3w na wp\u0142aty na naszej stronie Zebrane \u015brodki zostan\u0105 przeznaczone na [&hellip;]\" \/>\n<meta property=\"og:url\" content=\"https:\/\/nezlamna.org\/pl\/nasi-dobroczyncy\/bajki-dla-dzieci-na-swieto-dziekczynienia-%e2%84%961\/\" \/>\n<meta property=\"og:site_name\" content=\"Niezniszczalna Ukraina\" \/>\n<meta property=\"article:modified_time\" content=\"2022-11-28T21:48:09+00:00\" \/>\n<meta property=\"og:image\" content=\"https:\/\/nezlamna.org\/wp-content\/uploads\/2022\/10\/1-scaled.jpeg\" \/>\n\t<meta property=\"og:image:width\" content=\"2560\" \/>\n\t<meta property=\"og:image:height\" content=\"1440\" \/>\n\t<meta property=\"og:image:type\" content=\"image\/jpeg\" \/>\n<meta name=\"twitter:card\" content=\"summary_large_image\" \/>\n<meta name=\"twitter:label1\" content=\"Szacowany czas czytania\" \/>\n\t<meta name=\"twitter:data1\" content=\"2 minuty\" \/>\n<script type=\"application\/ld+json\" class=\"yoast-schema-graph\">{\"@context\":\"https:\\\/\\\/schema.org\",\"@graph\":[{\"@type\":\"WebPage\",\"@id\":\"https:\\\/\\\/nezlamna.org\\\/pl\\\/nasi-dobroczyncy\\\/bajki-dla-dzieci-na-swieto-dziekczynienia-%e2%84%961\\\/\",\"url\":\"https:\\\/\\\/nezlamna.org\\\/pl\\\/nasi-dobroczyncy\\\/bajki-dla-dzieci-na-swieto-dziekczynienia-%e2%84%961\\\/\",\"name\":\"Bajki dla dzieci na \u015awi\u0119to Dzi\u0119kczynienia \u21161 - Niezniszczalna Ukraina\",\"isPartOf\":{\"@id\":\"https:\\\/\\\/nezlamna.org\\\/pl\\\/#website\"},\"primaryImageOfPage\":{\"@id\":\"https:\\\/\\\/nezlamna.org\\\/pl\\\/nasi-dobroczyncy\\\/bajki-dla-dzieci-na-swieto-dziekczynienia-%e2%84%961\\\/#primaryimage\"},\"image\":{\"@id\":\"https:\\\/\\\/nezlamna.org\\\/pl\\\/nasi-dobroczyncy\\\/bajki-dla-dzieci-na-swieto-dziekczynienia-%e2%84%961\\\/#primaryimage\"},\"thumbnailUrl\":\"https:\\\/\\\/nezlamna.org\\\/wp-content\\\/uploads\\\/2022\\\/10\\\/1-scaled.jpeg\",\"datePublished\":\"2022-11-28T21:03:48+00:00\",\"dateModified\":\"2022-11-28T21:48:09+00:00\",\"breadcrumb\":{\"@id\":\"https:\\\/\\\/nezlamna.org\\\/pl\\\/nasi-dobroczyncy\\\/bajki-dla-dzieci-na-swieto-dziekczynienia-%e2%84%961\\\/#breadcrumb\"},\"inLanguage\":\"pl-PL\",\"potentialAction\":[{\"@type\":\"ReadAction\",\"target\":[\"https:\\\/\\\/nezlamna.org\\\/pl\\\/nasi-dobroczyncy\\\/bajki-dla-dzieci-na-swieto-dziekczynienia-%e2%84%961\\\/\"]}]},{\"@type\":\"ImageObject\",\"inLanguage\":\"pl-PL\",\"@id\":\"https:\\\/\\\/nezlamna.org\\\/pl\\\/nasi-dobroczyncy\\\/bajki-dla-dzieci-na-swieto-dziekczynienia-%e2%84%961\\\/#primaryimage\",\"url\":\"https:\\\/\\\/nezlamna.org\\\/wp-content\\\/uploads\\\/2022\\\/10\\\/1-scaled.jpeg\",\"contentUrl\":\"https:\\\/\\\/nezlamna.org\\\/wp-content\\\/uploads\\\/2022\\\/10\\\/1-scaled.jpeg\",\"width\":2560,\"height\":1440,\"caption\":\"\u0406\u0441\u0442\u043e\u0440\u0456\u044f \u041d\u0430\u0442\u0430\u043b\u0456\u0457 \u0420\u043e\u0432\u0438\u0446\u044c\u043a\u043e\u0457\"},{\"@type\":\"BreadcrumbList\",\"@id\":\"https:\\\/\\\/nezlamna.org\\\/pl\\\/nasi-dobroczyncy\\\/bajki-dla-dzieci-na-swieto-dziekczynienia-%e2%84%961\\\/#breadcrumb\",\"itemListElement\":[{\"@type\":\"ListItem\",\"position\":1,\"name\":\"Home\",\"item\":\"https:\\\/\\\/nezlamna.org\\\/pl\\\/\"},{\"@type\":\"ListItem\",\"position\":2,\"name\":\"Bajki dla dzieci na \u015awi\u0119to Dzi\u0119kczynienia \u21161\"}]},{\"@type\":\"WebSite\",\"@id\":\"https:\\\/\\\/nezlamna.org\\\/pl\\\/#website\",\"url\":\"https:\\\/\\\/nezlamna.org\\\/pl\\\/\",\"name\":\"Niezniszczalna Ukraina\",\"description\":\"Projekt edukacyjny\",\"publisher\":{\"@id\":\"https:\\\/\\\/nezlamna.org\\\/pl\\\/#organization\"},\"potentialAction\":[{\"@type\":\"SearchAction\",\"target\":{\"@type\":\"EntryPoint\",\"urlTemplate\":\"https:\\\/\\\/nezlamna.org\\\/pl\\\/?s={search_term_string}\"},\"query-input\":{\"@type\":\"PropertyValueSpecification\",\"valueRequired\":true,\"valueName\":\"search_term_string\"}}],\"inLanguage\":\"pl-PL\"},{\"@type\":\"Organization\",\"@id\":\"https:\\\/\\\/nezlamna.org\\\/pl\\\/#organization\",\"name\":\"FUNDACJA NIEZNISZCZALNA UKRAINA\",\"url\":\"https:\\\/\\\/nezlamna.org\\\/pl\\\/\",\"logo\":{\"@type\":\"ImageObject\",\"inLanguage\":\"pl-PL\",\"@id\":\"https:\\\/\\\/nezlamna.org\\\/pl\\\/#\\\/schema\\\/logo\\\/image\\\/\",\"url\":\"https:\\\/\\\/nezlamna.org\\\/wp-content\\\/uploads\\\/2022\\\/07\\\/cropped-unbreakable_logo_color-vesna.png\",\"contentUrl\":\"https:\\\/\\\/nezlamna.org\\\/wp-content\\\/uploads\\\/2022\\\/07\\\/cropped-unbreakable_logo_color-vesna.png\",\"width\":1080,\"height\":360,\"caption\":\"FUNDACJA NIEZNISZCZALNA UKRAINA\"},\"image\":{\"@id\":\"https:\\\/\\\/nezlamna.org\\\/pl\\\/#\\\/schema\\\/logo\\\/image\\\/\"}}]}<\/script>\n<!-- \/ Yoast SEO plugin. -->","yoast_head_json":{"title":"Bajki dla dzieci na \u015awi\u0119to Dzi\u0119kczynienia \u21161 - Niezniszczalna Ukraina","robots":{"index":"index","follow":"follow","max-snippet":"max-snippet:-1","max-image-preview":"max-image-preview:large","max-video-preview":"max-video-preview:-1"},"canonical":"https:\/\/nezlamna.org\/pl\/nasi-dobroczyncy\/bajki-dla-dzieci-na-swieto-dziekczynienia-%e2%84%961\/","og_locale":"pl_PL","og_type":"article","og_title":"Bajki dla dzieci na \u015awi\u0119to Dzi\u0119kczynienia \u21161 - Niezniszczalna Ukraina","og_description":"Historia \u21161 Nauczyciel, kt\u00f3ry rozumie bez s\u0142\u00f3w Mo\u017cesz przekaza\u0107 darowizn\u0119 za pomoc\u0105 kodu Wi\u0119cej sposob\u00f3w na wp\u0142aty na naszej stronie Zebrane \u015brodki zostan\u0105 przeznaczone na [&hellip;]","og_url":"https:\/\/nezlamna.org\/pl\/nasi-dobroczyncy\/bajki-dla-dzieci-na-swieto-dziekczynienia-%e2%84%961\/","og_site_name":"Niezniszczalna Ukraina","article_modified_time":"2022-11-28T21:48:09+00:00","og_image":[{"width":2560,"height":1440,"url":"https:\/\/nezlamna.org\/wp-content\/uploads\/2022\/10\/1-scaled.jpeg","type":"image\/jpeg"}],"twitter_card":"summary_large_image","twitter_misc":{"Szacowany czas czytania":"2 minuty"},"schema":{"@context":"https:\/\/schema.org","@graph":[{"@type":"WebPage","@id":"https:\/\/nezlamna.org\/pl\/nasi-dobroczyncy\/bajki-dla-dzieci-na-swieto-dziekczynienia-%e2%84%961\/","url":"https:\/\/nezlamna.org\/pl\/nasi-dobroczyncy\/bajki-dla-dzieci-na-swieto-dziekczynienia-%e2%84%961\/","name":"Bajki dla dzieci na \u015awi\u0119to Dzi\u0119kczynienia \u21161 - Niezniszczalna Ukraina","isPartOf":{"@id":"https:\/\/nezlamna.org\/pl\/#website"},"primaryImageOfPage":{"@id":"https:\/\/nezlamna.org\/pl\/nasi-dobroczyncy\/bajki-dla-dzieci-na-swieto-dziekczynienia-%e2%84%961\/#primaryimage"},"image":{"@id":"https:\/\/nezlamna.org\/pl\/nasi-dobroczyncy\/bajki-dla-dzieci-na-swieto-dziekczynienia-%e2%84%961\/#primaryimage"},"thumbnailUrl":"https:\/\/nezlamna.org\/wp-content\/uploads\/2022\/10\/1-scaled.jpeg","datePublished":"2022-11-28T21:03:48+00:00","dateModified":"2022-11-28T21:48:09+00:00","breadcrumb":{"@id":"https:\/\/nezlamna.org\/pl\/nasi-dobroczyncy\/bajki-dla-dzieci-na-swieto-dziekczynienia-%e2%84%961\/#breadcrumb"},"inLanguage":"pl-PL","potentialAction":[{"@type":"ReadAction","target":["https:\/\/nezlamna.org\/pl\/nasi-dobroczyncy\/bajki-dla-dzieci-na-swieto-dziekczynienia-%e2%84%961\/"]}]},{"@type":"ImageObject","inLanguage":"pl-PL","@id":"https:\/\/nezlamna.org\/pl\/nasi-dobroczyncy\/bajki-dla-dzieci-na-swieto-dziekczynienia-%e2%84%961\/#primaryimage","url":"https:\/\/nezlamna.org\/wp-content\/uploads\/2022\/10\/1-scaled.jpeg","contentUrl":"https:\/\/nezlamna.org\/wp-content\/uploads\/2022\/10\/1-scaled.jpeg","width":2560,"height":1440,"caption":"\u0406\u0441\u0442\u043e\u0440\u0456\u044f \u041d\u0430\u0442\u0430\u043b\u0456\u0457 \u0420\u043e\u0432\u0438\u0446\u044c\u043a\u043e\u0457"},{"@type":"BreadcrumbList","@id":"https:\/\/nezlamna.org\/pl\/nasi-dobroczyncy\/bajki-dla-dzieci-na-swieto-dziekczynienia-%e2%84%961\/#breadcrumb","itemListElement":[{"@type":"ListItem","position":1,"name":"Home","item":"https:\/\/nezlamna.org\/pl\/"},{"@type":"ListItem","position":2,"name":"Bajki dla dzieci na \u015awi\u0119to Dzi\u0119kczynienia \u21161"}]},{"@type":"WebSite","@id":"https:\/\/nezlamna.org\/pl\/#website","url":"https:\/\/nezlamna.org\/pl\/","name":"Niezniszczalna Ukraina","description":"Projekt edukacyjny","publisher":{"@id":"https:\/\/nezlamna.org\/pl\/#organization"},"potentialAction":[{"@type":"SearchAction","target":{"@type":"EntryPoint","urlTemplate":"https:\/\/nezlamna.org\/pl\/?s={search_term_string}"},"query-input":{"@type":"PropertyValueSpecification","valueRequired":true,"valueName":"search_term_string"}}],"inLanguage":"pl-PL"},{"@type":"Organization","@id":"https:\/\/nezlamna.org\/pl\/#organization","name":"FUNDACJA NIEZNISZCZALNA UKRAINA","url":"https:\/\/nezlamna.org\/pl\/","logo":{"@type":"ImageObject","inLanguage":"pl-PL","@id":"https:\/\/nezlamna.org\/pl\/#\/schema\/logo\/image\/","url":"https:\/\/nezlamna.org\/wp-content\/uploads\/2022\/07\/cropped-unbreakable_logo_color-vesna.png","contentUrl":"https:\/\/nezlamna.org\/wp-content\/uploads\/2022\/07\/cropped-unbreakable_logo_color-vesna.png","width":1080,"height":360,"caption":"FUNDACJA NIEZNISZCZALNA UKRAINA"},"image":{"@id":"https:\/\/nezlamna.org\/pl\/#\/schema\/logo\/image\/"}}]}},"campaignId":"","uagb_featured_image_src":{"full":["https:\/\/nezlamna.org\/wp-content\/uploads\/2022\/10\/1-scaled.jpeg",2560,1440,false],"thumbnail":["https:\/\/nezlamna.org\/wp-content\/uploads\/2022\/10\/1-150x150.jpeg",150,150,true],"medium":["https:\/\/nezlamna.org\/wp-content\/uploads\/2022\/10\/1-300x169.jpeg",300,169,true],"medium_large":["https:\/\/nezlamna.org\/wp-content\/uploads\/2022\/10\/1-768x432.jpeg",768,432,true],"large":["https:\/\/nezlamna.org\/wp-content\/uploads\/2022\/10\/1-1024x576.jpeg",1024,576,true],"1536x1536":["https:\/\/nezlamna.org\/wp-content\/uploads\/2022\/10\/1-1536x864.jpeg",1536,864,true],"2048x2048":["https:\/\/nezlamna.org\/wp-content\/uploads\/2022\/10\/1-2048x1152.jpeg",2048,1152,true]},"uagb_author_info":{"display_name":"Admin Nezlamna","author_link":"https:\/\/nezlamna.org\/pl\/author\/marina-y\/"},"uagb_comment_info":0,"uagb_excerpt":"Historia \u21161 Nauczyciel, kt\u00f3ry rozumie bez s\u0142\u00f3w Mo\u017cesz przekaza\u0107 darowizn\u0119 za pomoc\u0105 kodu Wi\u0119cej sposob\u00f3w na wp\u0142aty na naszej stronie Zebrane \u015brodki zostan\u0105 przeznaczone na [&hellip;]","_links":{"self":[{"href":"https:\/\/nezlamna.org\/pl\/wp-json\/wp\/v2\/pages\/17575","targetHints":{"allow":["GET"]}}],"collection":[{"href":"https:\/\/nezlamna.org\/pl\/wp-json\/wp\/v2\/pages"}],"about":[{"href":"https:\/\/nezlamna.org\/pl\/wp-json\/wp\/v2\/types\/page"}],"author":[{"embeddable":true,"href":"https:\/\/nezlamna.org\/pl\/wp-json\/wp\/v2\/users\/6"}],"replies":[{"embeddable":true,"href":"https:\/\/nezlamna.org\/pl\/wp-json\/wp\/v2\/comments?post=17575"}],"version-history":[{"count":0,"href":"https:\/\/nezlamna.org\/pl\/wp-json\/wp\/v2\/pages\/17575\/revisions"}],"up":[{"embeddable":true,"href":"https:\/\/nezlamna.org\/pl\/wp-json\/wp\/v2\/pages\/16079"}],"wp:featuredmedia":[{"embeddable":true,"href":"https:\/\/nezlamna.org\/pl\/wp-json\/wp\/v2\/media\/15916"}],"wp:attachment":[{"href":"https:\/\/nezlamna.org\/pl\/wp-json\/wp\/v2\/media?parent=17575"}],"wp:term":[{"taxonomy":"category","embeddable":true,"href":"https:\/\/nezlamna.org\/pl\/wp-json\/wp\/v2\/categories?post=17575"},{"taxonomy":"post_tag","embeddable":true,"href":"https:\/\/nezlamna.org\/pl\/wp-json\/wp\/v2\/tags?post=17575"}],"curies":[{"name":"wp","href":"https:\/\/api.w.org\/{rel}","templated":true}]}}