{"id":12000,"date":"2022-09-22T11:14:14","date_gmt":"2022-09-22T11:14:14","guid":{"rendered":"https:\/\/nezlamna.org\/przetargi-i-zakupy\/"},"modified":"2023-03-08T06:15:41","modified_gmt":"2023-03-08T06:15:41","slug":"przetargi-i-zakupy","status":"publish","type":"page","link":"https:\/\/nezlamna.org\/pl\/przetargi-i-zakupy\/","title":{"rendered":"Przetargi"},"content":{"rendered":"\t\t<div data-elementor-type=\"wp-page\" data-elementor-id=\"12000\" class=\"elementor elementor-12000 elementor-10886\" data-elementor-post-type=\"page\">\n\t\t\t\t\t\t<section class=\"ob-is-breaking-bad elementor-section elementor-top-section elementor-element elementor-element-bd719af elementor-section-boxed elementor-section-height-default elementor-section-height-default\" data-id=\"bd719af\" data-element_type=\"section\" data-e-type=\"section\" data-settings=\"{&quot;_ob_bbad_use_it&quot;:&quot;yes&quot;,&quot;_ob_bbad_sssic_use&quot;:&quot;no&quot;,&quot;_ob_glider_is_slider&quot;:&quot;no&quot;}\">\n\t\t\t\t\t\t<div class=\"elementor-container elementor-column-gap-default\">\n\t\t\t\t\t<div class=\"elementor-column elementor-col-100 elementor-top-column elementor-element elementor-element-7427a11\" data-id=\"7427a11\" data-element_type=\"column\" data-e-type=\"column\" data-settings=\"{&quot;_ob_bbad_is_stalker&quot;:&quot;no&quot;,&quot;_ob_teleporter_use&quot;:false,&quot;_ob_column_hoveranimator&quot;:&quot;no&quot;,&quot;_ob_column_has_pseudo&quot;:&quot;no&quot;}\">\n\t\t\t<div class=\"elementor-widget-wrap elementor-element-populated\">\n\t\t\t\t\t\t<div class=\"elementor-element elementor-element-c6e8fb9 ob-has-background-overlay elementor-widget elementor-widget-spacer\" data-id=\"c6e8fb9\" data-element_type=\"widget\" data-e-type=\"widget\" data-settings=\"{&quot;_ob_spacerat_use&quot;:&quot;no&quot;,&quot;_ob_perspektive_use&quot;:&quot;no&quot;,&quot;_ob_poopart_use&quot;:&quot;yes&quot;,&quot;_ob_shadough_use&quot;:&quot;no&quot;,&quot;_ob_allow_hoveranimator&quot;:&quot;no&quot;,&quot;_ob_widget_stalker_use&quot;:&quot;no&quot;}\" data-widget_type=\"spacer.default\">\n\t\t\t\t\t\t<div class=\"elementor-widget-container\">\n\t\t\t\t\t\t\t<div class=\"elementor-spacer\">\n\t\t\t<div class=\"elementor-spacer-inner\"><\/div>\n\t\t<\/div>\n\t\t\t\t\t\t<\/div>\n\t\t\t\t<\/div>\n\t\t\t\t\t<\/div>\n\t\t<\/div>\n\t\t\t\t\t<\/div>\n\t\t<\/section>\n\t\t\t\t<section class=\"ob-is-breaking-bad elementor-section elementor-top-section elementor-element elementor-element-0f7e39f elementor-section-boxed elementor-section-height-default elementor-section-height-default\" data-id=\"0f7e39f\" data-element_type=\"section\" data-e-type=\"section\" data-settings=\"{&quot;_ob_bbad_use_it&quot;:&quot;yes&quot;,&quot;_ob_bbad_sssic_use&quot;:&quot;no&quot;,&quot;_ob_glider_is_slider&quot;:&quot;no&quot;}\">\n\t\t\t\t\t\t<div class=\"elementor-container elementor-column-gap-default\">\n\t\t\t\t\t<div class=\"elementor-column elementor-col-100 elementor-top-column elementor-element elementor-element-939fa63\" data-id=\"939fa63\" data-element_type=\"column\" data-e-type=\"column\" data-settings=\"{&quot;_ob_bbad_is_stalker&quot;:&quot;no&quot;,&quot;_ob_teleporter_use&quot;:false,&quot;_ob_column_hoveranimator&quot;:&quot;no&quot;,&quot;_ob_column_has_pseudo&quot;:&quot;no&quot;}\">\n\t\t\t<div class=\"elementor-widget-wrap elementor-element-populated\">\n\t\t\t\t\t\t<div class=\"elementor-element elementor-element-c976d0a uael-post__news-stack-no ob-has-background-overlay elementor-widget elementor-widget-uael-posts\" data-id=\"c976d0a\" data-element_type=\"widget\" data-e-type=\"widget\" data-settings=\"{&quot;news_slides_to_show_tablet&quot;:1,&quot;news_slides_to_show&quot;:1,&quot;news_slides_to_show_mobile&quot;:1,&quot;_ob_perspektive_use&quot;:&quot;no&quot;,&quot;_ob_poopart_use&quot;:&quot;yes&quot;,&quot;_ob_shadough_use&quot;:&quot;no&quot;,&quot;_ob_allow_hoveranimator&quot;:&quot;no&quot;}\" data-widget_type=\"uael-posts.news\">\n\t\t\t\t\t\t<div class=\"elementor-widget-container\">\n\t\t\t\t\t\t\t<div class=\"uael-post__header\">\n\t\t\t\t\t<\/div>\n\t\t<div class=\"uael-post__body\">\n\t\t\t\n\t\t<div class=\"uael-post-image-left uael-post-grid uael-posts uael-post_structure-featured uael-featured_post_structure-\" data-query-type=\"custom\" data-structure=\"featured\" data-layout=\"\" data-page=\"0\" data-skin=\"news\" data-filter-default=\"\" data-offset-top=\"30\" >\n\n\t\t\t\n\n<div class=\"uael-post-wrapper   \">\n\t<div class=\"uael-post__bg-wrap\">\n\t\t\n\t\t\n\t\t<div class=\"uael-post__inner-wrap\">\n\n\t\t\n\t\t\t\n\t\t\t<div class=\"uael-post__content-wrap uael-post__noimage\">\n\t\t\t\t<div class=\"uael-post__terms-wrap\">\n\t\t\t\t\t\t\t\t\t<\/div>\n\t\t\t\t\t<h5 class=\"uael-post__title\">\n\n\t\t\n\t\t\t\t\t\t<a href=\"https:\/\/nezlamna.org\/pl\/tender\/zaproszenie-do-udzialu-w-konkursie-nr-2025-03-04-1-z-dnia-04-03-2025-r-uslugi-tlumaczenia-zwyklego-dokumentow-z-jezyka-ukrainskiego-na-polski\/\" target=\"_self\">\n\t\t\t\tZAPROSZENIE DO UDZIA\u0141U W KONKURSIE NR 2025-03-04-1 z dnia 04.03.2025 r. US\u0141UGI T\u0141UMACZENIA ZWYK\u0141EGO DOKUMENT\u00d3W Z J\u0118ZYKA UKRAI\u0143SKIEGO NA POLSKI\t\t\t<\/a>\n\n\t\t\t\t<\/h5>\n\t\t\t\t\t<a class=\"uael-post__read-more elementor-button\" href=\"https:\/\/nezlamna.org\/pl\/tender\/zaproszenie-do-udzialu-w-konkursie-nr-2025-03-04-1-z-dnia-04-03-2025-r-uslugi-tlumaczenia-zwyklego-dokumentow-z-jezyka-ukrainskiego-na-polski\/\" target=\"_self\" aria-labelledby=\"uael-post-31513\">\n\t\t\t\t\t<span class=\"elementor-button-content-wrapper\">\n\t\t\t\t\t\t\t\t\t\t\t\t\t\t<span class=\"elementor-button-icon elementor-align-icon-left\">\n\n\t\t\t\t\t\t\t\t\t\n\t\t\t\t\t\t\t\t<\/span>\n\t\t\t\t\t\t\t\t\t\t\t\t\t\n\t\t\t\t\t\t<span class=\"elementor-button-text\" id=uael-post-31513>Read More  <\/span>\n\t\t\t\t\t<\/span>\n\t\t\t\t<\/a>\n\t\t\t\t\t\t<\/div>\n\t\t\t\n\t\t<\/div>\n\t\t\n\t<\/div>\n\n<\/div>\n\n\t\t\t\t\t\t<div class=\"uael-post-grid__inner uael-post__columns-1 uael-post__columns-tablet-1 uael-post__columns-mobile-1\">\n\t\t\t\t\t\t\t<\/div>\n\t\t\t\n\t\t<\/div>\n\t\t\t\t<\/div>\n\t\t<div class=\"uael-post__footer\">\n\t\t\t\t\t<\/div>\n\t\t\t\t\t\t<\/div>\n\t\t\t\t<\/div>\n\t\t\t\t\t<\/div>\n\t\t<\/div>\n\t\t\t\t\t<\/div>\n\t\t<\/section>\n\t\t\t\t<section class=\"ob-is-breaking-bad elementor-section elementor-top-section elementor-element elementor-element-b3239c9 elementor-section-boxed elementor-section-height-default elementor-section-height-default\" data-id=\"b3239c9\" data-element_type=\"section\" data-e-type=\"section\" data-settings=\"{&quot;_ob_bbad_use_it&quot;:&quot;yes&quot;,&quot;_ob_bbad_sssic_use&quot;:&quot;no&quot;,&quot;_ob_glider_is_slider&quot;:&quot;no&quot;}\">\n\t\t\t\t\t\t<div class=\"elementor-container elementor-column-gap-default\">\n\t\t\t\t\t<div class=\"elementor-column elementor-col-100 elementor-top-column elementor-element elementor-element-539f6e8\" data-id=\"539f6e8\" data-element_type=\"column\" data-e-type=\"column\" data-settings=\"{&quot;_ob_bbad_is_stalker&quot;:&quot;no&quot;,&quot;_ob_teleporter_use&quot;:false,&quot;_ob_column_hoveranimator&quot;:&quot;no&quot;,&quot;_ob_column_has_pseudo&quot;:&quot;no&quot;}\">\n\t\t\t<div class=\"elementor-widget-wrap elementor-element-populated\">\n\t\t\t\t\t\t<div class=\"elementor-element elementor-element-cb2e805 uael-post__news-stack-no ob-has-background-overlay elementor-widget elementor-widget-uael-posts\" data-id=\"cb2e805\" data-element_type=\"widget\" data-e-type=\"widget\" data-settings=\"{&quot;news_slides_to_show_tablet&quot;:1,&quot;news_slides_to_show&quot;:1,&quot;news_slides_to_show_mobile&quot;:1,&quot;_ob_perspektive_use&quot;:&quot;no&quot;,&quot;_ob_poopart_use&quot;:&quot;yes&quot;,&quot;_ob_shadough_use&quot;:&quot;no&quot;,&quot;_ob_allow_hoveranimator&quot;:&quot;no&quot;}\" data-widget_type=\"uael-posts.news\">\n\t\t\t\t\t\t<div class=\"elementor-widget-container\">\n\t\t\t\t\t\t\t<div class=\"uael-post__header\">\n\t\t\t\t\t<\/div>\n\t\t<div class=\"uael-post__body\">\n\t\t\t\n\t\t<div class=\"uael-post-image-left uael-post-grid uael-posts uael-post_structure-featured uael-featured_post_structure-\" data-query-type=\"custom\" data-structure=\"featured\" data-layout=\"\" data-page=\"0\" data-skin=\"news\" data-filter-default=\"\" data-offset-top=\"30\" >\n\n\t\t\t\n\n<div class=\"uael-post-wrapper   \">\n\t<div class=\"uael-post__bg-wrap\">\n\t\t\n\t\t\n\t\t<div class=\"uael-post__inner-wrap\">\n\n\t\t\n\t\t\t\n\t\t\t<div class=\"uael-post__content-wrap uael-post__noimage\">\n\t\t\t\t<div class=\"uael-post__terms-wrap\">\n\t\t\t\t\t\t\t\t\t<\/div>\n\t\t\t\t\t<h5 class=\"uael-post__title\">\n\n\t\t\n\t\t\t\t\t\t<a href=\"https:\/\/nezlamna.org\/pl\/tender\/zaproszenie-do-udzialu-w-konkursie-nr-2022-10-04-1-w-dniu-04-10-2022-na-uslugi-logistyczno-magazynierskie-wsparcie-transportu-towarow\/\" target=\"_self\">\n\t\t\t\tZAPROSZENIE DO UDZIA\u0141U W KONKURSIE NR 2022-10-04-1 W DNIU 04.10.2022 NA US\u0141UGI LOGISTYCZNO-MAGAZYNIERSKIE, WSPARCIE TRANSPORTU TOWAR\u00d3W &#8211; Zamkni\u0119te\t\t\t<\/a>\n\n\t\t\t\t<\/h5>\n\t\t\t\t\t<a class=\"uael-post__read-more elementor-button\" href=\"https:\/\/nezlamna.org\/pl\/tender\/zaproszenie-do-udzialu-w-konkursie-nr-2022-10-04-1-w-dniu-04-10-2022-na-uslugi-logistyczno-magazynierskie-wsparcie-transportu-towarow\/\" target=\"_self\" aria-labelledby=\"uael-post-16844\">\n\t\t\t\t\t<span class=\"elementor-button-content-wrapper\">\n\t\t\t\t\t\t\t\t\t\t\t\t\t\t<span class=\"elementor-button-icon elementor-align-icon-left\">\n\n\t\t\t\t\t\t\t\t\t\n\t\t\t\t\t\t\t\t<\/span>\n\t\t\t\t\t\t\t\t\t\t\t\t\t\n\t\t\t\t\t\t<span class=\"elementor-button-text\" id=uael-post-16844>Read More  <\/span>\n\t\t\t\t\t<\/span>\n\t\t\t\t<\/a>\n\t\t\t\t\t\t<\/div>\n\t\t\t\n\t\t<\/div>\n\t\t\n\t<\/div>\n\n<\/div>\n\n\t\t\t\t\t\t<div class=\"uael-post-grid__inner uael-post__columns-1 uael-post__columns-tablet-1 uael-post__columns-mobile-1\">\n\t\t\t\t\t\t\t<\/div>\n\t\t\t\n\t\t<\/div>\n\t\t\t\t<\/div>\n\t\t<div class=\"uael-post__footer\">\n\t\t\t\t\t<\/div>\n\t\t\t\t\t\t<\/div>\n\t\t\t\t<\/div>\n\t\t\t\t\t<\/div>\n\t\t<\/div>\n\t\t\t\t\t<\/div>\n\t\t<\/section>\n\t\t\t\t<section class=\"ob-is-breaking-bad elementor-section elementor-top-section elementor-element elementor-element-9246f63 elementor-section-boxed elementor-section-height-default elementor-section-height-default\" data-id=\"9246f63\" data-element_type=\"section\" data-e-type=\"section\" data-settings=\"{&quot;_ob_bbad_use_it&quot;:&quot;yes&quot;,&quot;_ob_bbad_sssic_use&quot;:&quot;no&quot;,&quot;_ob_glider_is_slider&quot;:&quot;no&quot;}\">\n\t\t\t\t\t\t<div class=\"elementor-container elementor-column-gap-default\">\n\t\t\t\t\t<div class=\"elementor-column elementor-col-100 elementor-top-column elementor-element elementor-element-d4cb300\" data-id=\"d4cb300\" data-element_type=\"column\" data-e-type=\"column\" data-settings=\"{&quot;_ob_bbad_is_stalker&quot;:&quot;no&quot;,&quot;_ob_teleporter_use&quot;:false,&quot;_ob_column_hoveranimator&quot;:&quot;no&quot;,&quot;_ob_column_has_pseudo&quot;:&quot;no&quot;}\">\n\t\t\t<div class=\"elementor-widget-wrap elementor-element-populated\">\n\t\t\t\t\t\t<div class=\"elementor-element elementor-element-0a224c9 uael-post__news-stack-no ob-has-background-overlay elementor-widget elementor-widget-uael-posts\" data-id=\"0a224c9\" data-element_type=\"widget\" data-e-type=\"widget\" data-settings=\"{&quot;news_slides_to_show_tablet&quot;:1,&quot;news_slides_to_show&quot;:1,&quot;news_slides_to_show_mobile&quot;:1,&quot;_ob_perspektive_use&quot;:&quot;no&quot;,&quot;_ob_poopart_use&quot;:&quot;yes&quot;,&quot;_ob_shadough_use&quot;:&quot;no&quot;,&quot;_ob_allow_hoveranimator&quot;:&quot;no&quot;}\" data-widget_type=\"uael-posts.news\">\n\t\t\t\t\t\t<div class=\"elementor-widget-container\">\n\t\t\t\t\t\t\t<div class=\"uael-post__header\">\n\t\t\t\t\t<\/div>\n\t\t<div class=\"uael-post__body\">\n\t\t\t\n\t\t<div class=\"uael-post-image-left uael-post-grid uael-posts uael-post_structure-featured uael-featured_post_structure-\" data-query-type=\"custom\" data-structure=\"featured\" data-layout=\"\" data-page=\"0\" data-skin=\"news\" data-filter-default=\"\" data-offset-top=\"30\" >\n\n\t\t\t\n\n<div class=\"uael-post-wrapper   \">\n\t<div class=\"uael-post__bg-wrap\">\n\t\t\n\t\t\n\t\t<div class=\"uael-post__inner-wrap\">\n\n\t\t\n\t\t\t\n\t\t\t<div class=\"uael-post__content-wrap uael-post__noimage\">\n\t\t\t\t<div class=\"uael-post__terms-wrap\">\n\t\t\t\t\t\t\t\t\t<\/div>\n\t\t\t\t\t<h5 class=\"uael-post__title\">\n\n\t\t\n\t\t\t\t\t\t<a href=\"https:\/\/nezlamna.org\/pl\/tender\/zaproszenie-do-udzialu-w-zaproszenie-do-udzialu-w-konkursie-konkursie-nr-2024-03-19-1-w-dniu-19-03-2024-na-uslugi-cateringowe\/\" target=\"_self\">\n\t\t\t\tZAPROSZENIE DO UDZIA\u0141U W ZAPROSZENIE DO UDZIA\u0141U W KONKURSIE KONKURSIE NR 2024-03-19-1 W DNIU 19.03.2024 NA US\u0141UGI CATERINGOWE\t\t\t<\/a>\n\n\t\t\t\t<\/h5>\n\t\t\t\t\t<a class=\"uael-post__read-more elementor-button\" href=\"https:\/\/nezlamna.org\/pl\/tender\/zaproszenie-do-udzialu-w-zaproszenie-do-udzialu-w-konkursie-konkursie-nr-2024-03-19-1-w-dniu-19-03-2024-na-uslugi-cateringowe\/\" target=\"_self\" aria-labelledby=\"uael-post-28331\">\n\t\t\t\t\t<span class=\"elementor-button-content-wrapper\">\n\t\t\t\t\t\t\t\t\t\t\t\t\t\t<span class=\"elementor-button-icon elementor-align-icon-left\">\n\n\t\t\t\t\t\t\t\t\t\n\t\t\t\t\t\t\t\t<\/span>\n\t\t\t\t\t\t\t\t\t\t\t\t\t\n\t\t\t\t\t\t<span class=\"elementor-button-text\" id=uael-post-28331>Read More  <\/span>\n\t\t\t\t\t<\/span>\n\t\t\t\t<\/a>\n\t\t\t\t\t\t<\/div>\n\t\t\t\n\t\t<\/div>\n\t\t\n\t<\/div>\n\n<\/div>\n\n\t\t\t\t\t\t<div class=\"uael-post-grid__inner uael-post__columns-1 uael-post__columns-tablet-1 uael-post__columns-mobile-1\">\n\t\t\t\t\t\t\t<\/div>\n\t\t\t\n\t\t<\/div>\n\t\t\t\t<\/div>\n\t\t<div class=\"uael-post__footer\">\n\t\t\t\t\t<\/div>\n\t\t\t\t\t\t<\/div>\n\t\t\t\t<\/div>\n\t\t\t\t\t<\/div>\n\t\t<\/div>\n\t\t\t\t\t<\/div>\n\t\t<\/section>\n\t\t\t\t<\/div>\n\t\t","protected":false},"excerpt":{"rendered":"<p>INVITATION TO PARTICIPATE IN COMPETITION NO. 2023-02-23-1 dated 23.02.2023. ON \u041eRGANIZING MASS EVENTS AND THEMATIC FESTIVALS FOR CHILDREN Read More CALL FOR COMPETITION NO. 2022-10-04-1 [&hellip;]<\/p>\n","protected":false},"author":6,"featured_media":0,"parent":0,"menu_order":0,"comment_status":"closed","ping_status":"closed","template":"","meta":{"give_campaign_id":0,"nf_dc_page":"","inline_featured_image":false,"_uag_custom_page_level_css":"","site-sidebar-layout":"no-sidebar","site-content-layout":"page-builder","ast-site-content-layout":"default","site-content-style":"default","site-sidebar-style":"default","ast-global-header-display":"","ast-banner-title-visibility":"","ast-main-header-display":"","ast-hfb-above-header-display":"","ast-hfb-below-header-display":"","ast-hfb-mobile-header-display":"","site-post-title":"disabled","ast-breadcrumbs-content":"","ast-featured-img":"disabled","footer-sml-layout":"","ast-disable-related-posts":"","theme-transparent-header-meta":"","adv-header-id-meta":"","stick-header-meta":"","header-above-stick-meta":"","header-main-stick-meta":"","header-below-stick-meta":"","astra-migrate-meta-layouts":"default","ast-page-background-enabled":"default","ast-page-background-meta":{"desktop":{"background-color":"","background-image":"","background-repeat":"repeat","background-position":"center center","background-size":"auto","background-attachment":"scroll","background-type":"","background-media":"","overlay-type":"","overlay-color":"","overlay-opacity":"","overlay-gradient":""},"tablet":{"background-color":"","background-image":"","background-repeat":"repeat","background-position":"center center","background-size":"auto","background-attachment":"scroll","background-type":"","background-media":"","overlay-type":"","overlay-color":"","overlay-opacity":"","overlay-gradient":""},"mobile":{"background-color":"","background-image":"","background-repeat":"repeat","background-position":"center center","background-size":"auto","background-attachment":"scroll","background-type":"","background-media":"","overlay-type":"","overlay-color":"","overlay-opacity":"","overlay-gradient":""}},"ast-content-background-meta":{"desktop":{"background-color":"var(--ast-global-color-5)","background-image":"","background-repeat":"repeat","background-position":"center center","background-size":"auto","background-attachment":"scroll","background-type":"","background-media":"","overlay-type":"","overlay-color":"","overlay-opacity":"","overlay-gradient":""},"tablet":{"background-color":"var(--ast-global-color-5)","background-image":"","background-repeat":"repeat","background-position":"center center","background-size":"auto","background-attachment":"scroll","background-type":"","background-media":"","overlay-type":"","overlay-color":"","overlay-opacity":"","overlay-gradient":""},"mobile":{"background-color":"var(--ast-global-color-5)","background-image":"","background-repeat":"repeat","background-position":"center center","background-size":"auto","background-attachment":"scroll","background-type":"","background-media":"","overlay-type":"","overlay-color":"","overlay-opacity":"","overlay-gradient":""}},"footnotes":""},"categories":[],"tags":[],"class_list":["post-12000","page","type-page","status-publish","hentry"],"yoast_head":"<!-- This site is optimized with the Yoast SEO plugin v27.4 - https:\/\/yoast.com\/product\/yoast-seo-wordpress\/ -->\n<title>Przetargi - Niezniszczalna Ukraina<\/title>\n<meta name=\"robots\" content=\"index, follow, max-snippet:-1, max-image-preview:large, max-video-preview:-1\" \/>\n<link rel=\"canonical\" href=\"https:\/\/nezlamna.org\/pl\/przetargi-i-zakupy\/\" \/>\n<meta property=\"og:locale\" content=\"pl_PL\" \/>\n<meta property=\"og:type\" content=\"article\" \/>\n<meta property=\"og:title\" content=\"Przetargi - Niezniszczalna Ukraina\" \/>\n<meta property=\"og:description\" content=\"INVITATION TO PARTICIPATE IN COMPETITION NO. 2023-02-23-1 dated 23.02.2023. ON \u041eRGANIZING MASS EVENTS AND THEMATIC FESTIVALS FOR CHILDREN Read More CALL FOR COMPETITION NO. 2022-10-04-1 [&hellip;]\" \/>\n<meta property=\"og:url\" content=\"https:\/\/nezlamna.org\/pl\/przetargi-i-zakupy\/\" \/>\n<meta property=\"og:site_name\" content=\"Niezniszczalna Ukraina\" \/>\n<meta property=\"article:modified_time\" content=\"2023-03-08T06:15:41+00:00\" \/>\n<meta name=\"twitter:card\" content=\"summary_large_image\" \/>\n<meta name=\"twitter:label1\" content=\"Szacowany czas czytania\" \/>\n\t<meta name=\"twitter:data1\" content=\"1 minuta\" \/>\n<script type=\"application\/ld+json\" class=\"yoast-schema-graph\">{\"@context\":\"https:\\\/\\\/schema.org\",\"@graph\":[{\"@type\":\"WebPage\",\"@id\":\"https:\\\/\\\/nezlamna.org\\\/pl\\\/przetargi-i-zakupy\\\/\",\"url\":\"https:\\\/\\\/nezlamna.org\\\/pl\\\/przetargi-i-zakupy\\\/\",\"name\":\"Przetargi - Niezniszczalna Ukraina\",\"isPartOf\":{\"@id\":\"https:\\\/\\\/nezlamna.org\\\/pl\\\/#website\"},\"datePublished\":\"2022-09-22T11:14:14+00:00\",\"dateModified\":\"2023-03-08T06:15:41+00:00\",\"breadcrumb\":{\"@id\":\"https:\\\/\\\/nezlamna.org\\\/pl\\\/przetargi-i-zakupy\\\/#breadcrumb\"},\"inLanguage\":\"pl-PL\",\"potentialAction\":[{\"@type\":\"ReadAction\",\"target\":[\"https:\\\/\\\/nezlamna.org\\\/pl\\\/przetargi-i-zakupy\\\/\"]}]},{\"@type\":\"BreadcrumbList\",\"@id\":\"https:\\\/\\\/nezlamna.org\\\/pl\\\/przetargi-i-zakupy\\\/#breadcrumb\",\"itemListElement\":[{\"@type\":\"ListItem\",\"position\":1,\"name\":\"Home\",\"item\":\"https:\\\/\\\/nezlamna.org\\\/pl\\\/\"},{\"@type\":\"ListItem\",\"position\":2,\"name\":\"Przetargi\"}]},{\"@type\":\"WebSite\",\"@id\":\"https:\\\/\\\/nezlamna.org\\\/pl\\\/#website\",\"url\":\"https:\\\/\\\/nezlamna.org\\\/pl\\\/\",\"name\":\"Niezniszczalna Ukraina\",\"description\":\"Projekt edukacyjny\",\"publisher\":{\"@id\":\"https:\\\/\\\/nezlamna.org\\\/pl\\\/#organization\"},\"potentialAction\":[{\"@type\":\"SearchAction\",\"target\":{\"@type\":\"EntryPoint\",\"urlTemplate\":\"https:\\\/\\\/nezlamna.org\\\/pl\\\/?s={search_term_string}\"},\"query-input\":{\"@type\":\"PropertyValueSpecification\",\"valueRequired\":true,\"valueName\":\"search_term_string\"}}],\"inLanguage\":\"pl-PL\"},{\"@type\":\"Organization\",\"@id\":\"https:\\\/\\\/nezlamna.org\\\/pl\\\/#organization\",\"name\":\"FUNDACJA NIEZNISZCZALNA UKRAINA\",\"url\":\"https:\\\/\\\/nezlamna.org\\\/pl\\\/\",\"logo\":{\"@type\":\"ImageObject\",\"inLanguage\":\"pl-PL\",\"@id\":\"https:\\\/\\\/nezlamna.org\\\/pl\\\/#\\\/schema\\\/logo\\\/image\\\/\",\"url\":\"https:\\\/\\\/nezlamna.org\\\/wp-content\\\/uploads\\\/2022\\\/07\\\/cropped-unbreakable_logo_color-vesna.png\",\"contentUrl\":\"https:\\\/\\\/nezlamna.org\\\/wp-content\\\/uploads\\\/2022\\\/07\\\/cropped-unbreakable_logo_color-vesna.png\",\"width\":1080,\"height\":360,\"caption\":\"FUNDACJA NIEZNISZCZALNA UKRAINA\"},\"image\":{\"@id\":\"https:\\\/\\\/nezlamna.org\\\/pl\\\/#\\\/schema\\\/logo\\\/image\\\/\"}}]}<\/script>\n<!-- \/ Yoast SEO plugin. -->","yoast_head_json":{"title":"Przetargi - Niezniszczalna Ukraina","robots":{"index":"index","follow":"follow","max-snippet":"max-snippet:-1","max-image-preview":"max-image-preview:large","max-video-preview":"max-video-preview:-1"},"canonical":"https:\/\/nezlamna.org\/pl\/przetargi-i-zakupy\/","og_locale":"pl_PL","og_type":"article","og_title":"Przetargi - Niezniszczalna Ukraina","og_description":"INVITATION TO PARTICIPATE IN COMPETITION NO. 2023-02-23-1 dated 23.02.2023. ON \u041eRGANIZING MASS EVENTS AND THEMATIC FESTIVALS FOR CHILDREN Read More CALL FOR COMPETITION NO. 2022-10-04-1 [&hellip;]","og_url":"https:\/\/nezlamna.org\/pl\/przetargi-i-zakupy\/","og_site_name":"Niezniszczalna Ukraina","article_modified_time":"2023-03-08T06:15:41+00:00","twitter_card":"summary_large_image","twitter_misc":{"Szacowany czas czytania":"1 minuta"},"schema":{"@context":"https:\/\/schema.org","@graph":[{"@type":"WebPage","@id":"https:\/\/nezlamna.org\/pl\/przetargi-i-zakupy\/","url":"https:\/\/nezlamna.org\/pl\/przetargi-i-zakupy\/","name":"Przetargi - Niezniszczalna Ukraina","isPartOf":{"@id":"https:\/\/nezlamna.org\/pl\/#website"},"datePublished":"2022-09-22T11:14:14+00:00","dateModified":"2023-03-08T06:15:41+00:00","breadcrumb":{"@id":"https:\/\/nezlamna.org\/pl\/przetargi-i-zakupy\/#breadcrumb"},"inLanguage":"pl-PL","potentialAction":[{"@type":"ReadAction","target":["https:\/\/nezlamna.org\/pl\/przetargi-i-zakupy\/"]}]},{"@type":"BreadcrumbList","@id":"https:\/\/nezlamna.org\/pl\/przetargi-i-zakupy\/#breadcrumb","itemListElement":[{"@type":"ListItem","position":1,"name":"Home","item":"https:\/\/nezlamna.org\/pl\/"},{"@type":"ListItem","position":2,"name":"Przetargi"}]},{"@type":"WebSite","@id":"https:\/\/nezlamna.org\/pl\/#website","url":"https:\/\/nezlamna.org\/pl\/","name":"Niezniszczalna Ukraina","description":"Projekt edukacyjny","publisher":{"@id":"https:\/\/nezlamna.org\/pl\/#organization"},"potentialAction":[{"@type":"SearchAction","target":{"@type":"EntryPoint","urlTemplate":"https:\/\/nezlamna.org\/pl\/?s={search_term_string}"},"query-input":{"@type":"PropertyValueSpecification","valueRequired":true,"valueName":"search_term_string"}}],"inLanguage":"pl-PL"},{"@type":"Organization","@id":"https:\/\/nezlamna.org\/pl\/#organization","name":"FUNDACJA NIEZNISZCZALNA UKRAINA","url":"https:\/\/nezlamna.org\/pl\/","logo":{"@type":"ImageObject","inLanguage":"pl-PL","@id":"https:\/\/nezlamna.org\/pl\/#\/schema\/logo\/image\/","url":"https:\/\/nezlamna.org\/wp-content\/uploads\/2022\/07\/cropped-unbreakable_logo_color-vesna.png","contentUrl":"https:\/\/nezlamna.org\/wp-content\/uploads\/2022\/07\/cropped-unbreakable_logo_color-vesna.png","width":1080,"height":360,"caption":"FUNDACJA NIEZNISZCZALNA UKRAINA"},"image":{"@id":"https:\/\/nezlamna.org\/pl\/#\/schema\/logo\/image\/"}}]}},"campaignId":"","uagb_featured_image_src":{"full":false,"thumbnail":false,"medium":false,"medium_large":false,"large":false,"1536x1536":false,"2048x2048":false},"uagb_author_info":{"display_name":"Admin Nezlamna","author_link":"https:\/\/nezlamna.org\/pl\/author\/marina-y\/"},"uagb_comment_info":0,"uagb_excerpt":"INVITATION TO PARTICIPATE IN COMPETITION NO. 2023-02-23-1 dated 23.02.2023. ON \u041eRGANIZING MASS EVENTS AND THEMATIC FESTIVALS FOR CHILDREN Read More CALL FOR COMPETITION NO. 2022-10-04-1 [&hellip;]","_links":{"self":[{"href":"https:\/\/nezlamna.org\/pl\/wp-json\/wp\/v2\/pages\/12000","targetHints":{"allow":["GET"]}}],"collection":[{"href":"https:\/\/nezlamna.org\/pl\/wp-json\/wp\/v2\/pages"}],"about":[{"href":"https:\/\/nezlamna.org\/pl\/wp-json\/wp\/v2\/types\/page"}],"author":[{"embeddable":true,"href":"https:\/\/nezlamna.org\/pl\/wp-json\/wp\/v2\/users\/6"}],"replies":[{"embeddable":true,"href":"https:\/\/nezlamna.org\/pl\/wp-json\/wp\/v2\/comments?post=12000"}],"version-history":[{"count":0,"href":"https:\/\/nezlamna.org\/pl\/wp-json\/wp\/v2\/pages\/12000\/revisions"}],"wp:attachment":[{"href":"https:\/\/nezlamna.org\/pl\/wp-json\/wp\/v2\/media?parent=12000"}],"wp:term":[{"taxonomy":"category","embeddable":true,"href":"https:\/\/nezlamna.org\/pl\/wp-json\/wp\/v2\/categories?post=12000"},{"taxonomy":"post_tag","embeddable":true,"href":"https:\/\/nezlamna.org\/pl\/wp-json\/wp\/v2\/tags?post=12000"}],"curies":[{"name":"wp","href":"https:\/\/api.w.org\/{rel}","templated":true}]}}